{"id":1282,"date":"2016-08-24T09:53:13","date_gmt":"2016-08-24T08:53:13","guid":{"rendered":"http:\/\/www.sfpt.fr\/hyperspectral\/?page_id=1282"},"modified":"2016-12-07T10:27:42","modified_gmt":"2016-12-07T09:27:42","slug":"workshop-programme-presentations-et-posters","status":"publish","type":"page","link":"http:\/\/www.sfpt.fr\/hyperspectral\/?page_id=1282","title":{"rendered":"Colloque : programme, pr\u00e9sentations et posters"},"content":{"rendered":"<p style=\"text-align: justify;\">Vous trouverez ci-dessous le programme ainsi que les pr\u00e9sentations orales et les posters pr\u00e9sent\u00e9s lors du colloque. Vous pouvez \u00e9galement t\u00e9l\u00e9charger ici :<\/p>\n<ul>\n<li style=\"text-align: justify;\">les r\u00e9sum\u00e9s (<a href=\"http:\/\/www.sfpt.fr\/hyperspectral\/wp-content\/uploads\/2016\/08\/proceedings_colloque_SFPT-GH_2016_final.pdf\" target=\"_blank\">proceedings_colloque_SFPT-GH_2016_final.pdf<\/a>)<\/li>\n<li style=\"text-align: justify;\">le bilan du colloque (<a href=\"http:\/\/www.sfpt.fr\/hyperspectral\/wp-content\/uploads\/2016\/08\/bilan_colloque_SFPT-GH_2016.pdf\" target=\"_blank\">bilan_colloque_SFPT-GH_2016.pdf<\/a>)<\/li>\n<li style=\"text-align: justify;\">une s\u00e9lection de photos (<a href=\"http:\/\/www.sfpt.fr\/hyperspectral\/wp-content\/uploads\/2016\/08\/selection_photos.pdf\" target=\"_blank\">selection_photos.pdf<\/a>)<\/li>\n<\/ul>\n<p style=\"text-align: center;\"><span style=\"text-decoration: underline;\"><strong>JEUDI 12 MAI 2016<\/strong><\/span><\/p>\n<p><strong>INTRODUCTION \u2013 INFORMATIONS<\/strong><\/p>\n<p style=\"text-align: justify;\">8h30-8h35<strong> Ouverture du colloque<\/strong>, Y. Mar\u00e9chal (Directeur de l&#8217;ENSE3) <a href=\"http:\/\/www.sfpt.fr\/hyperspectral\/wp-content\/uploads\/2016\/08\/sfpt_gh_0-0_ouverture_colloque.pdf\" target=\"_blank\">PDF<\/a><\/p>\n<p style=\"text-align: justify;\">8h35-8h40<strong> Pre\u0301sentation du site grenoblois et du colloque<\/strong>, M. Dalla Mura (Gipsa-Lab) et S. Doute\u0301 (IPAG) <a href=\"http:\/\/www.sfpt.fr\/hyperspectral\/wp-content\/uploads\/2016\/08\/sfpt_gh_0-1_presentation-colloque.pdf\" target=\"_blank\">PDF<\/a><\/p>\n<p style=\"text-align: justify;\">8h40-8h50<strong> Pre\u0301sentation ge\u0301ne\u0301rale SFPT-GH<\/strong>, R. Marion (CEA) <a href=\"http:\/\/www.sfpt.fr\/hyperspectral\/wp-content\/uploads\/2016\/08\/sfpt_gh_0-2_SFPT-GH.pdf\" target=\"_blank\">PDF<\/a><\/p>\n<p style=\"text-align: justify;\">8h50-9h10<strong> Synth\u00e8se des \u00e9tudes sur un capteur hyperspectral spatial fran\u00e7ais<\/strong>, A. Deschamps (CNES) <a href=\"http:\/\/www.sfpt.fr\/hyperspectral\/wp-content\/uploads\/2016\/08\/sfpt_gh_0-3_CNES.pdf\" target=\"_blank\">PDF<\/a><\/p>\n<p><strong>SESSION 1a<\/strong> (9h10-10h30) : <strong>me\u0301thodologie (classification \/ de\u0301me\u0301lange \/ fusion)<\/strong><\/p>\n<p style=\"text-align: justify;\"><span style=\"text-decoration: underline;\">Mod\u00e9rateurs<\/span> : M. Fauvel et M. Dalla Mura<\/p>\n<p style=\"text-align: justify;\">A. Zullo, F. Ferraty, M. Fauvel, <strong>De\u0301bruitage d\u2019images hyperspectrales avec un mod\u00e8le de bruit he\u0301te\u0301rosce\u0301dastique<\/strong>. <a href=\"http:\/\/www.sfpt.fr\/hyperspectral\/wp-content\/uploads\/2016\/08\/sfpt_gh_1a-1.pdf\" target=\"_blank\">PDF<\/a><\/p>\n<p style=\"text-align: justify;\">G. Tochon, M. Dalla Mura, M. A. Veganzones, J. Chanussot, <strong>Segmentation hi\u00e9rarchique d\u2019images multimodales hyperspectral\/LiDAR<\/strong>.<\/p>\n<p style=\"text-align: justify;\">L. Loncan, J. Chanussot, X. Briottet, S. Fabre, <strong>Super-Resolution: a pre-processing step for Hyperspectral Pansharpening<\/strong>. <a href=\"http:\/\/www.sfpt.fr\/hyperspectral\/wp-content\/uploads\/2016\/08\/sfpt_gh_1a-3.pdf\" target=\"_blank\">PDF<\/a><\/p>\n<p style=\"text-align: justify;\">L. Drumetz, W. Yin, J. Chanussot, C. Jutten, <strong>Prise en compte de la variabilite\u0301 spectrale lie\u0301e \u00e0 la ge\u0301ome\u0301trie lors du de\u0301me\u0301lange d\u2019images hyperspectrales<\/strong>. <a href=\"http:\/\/www.sfpt.fr\/hyperspectral\/wp-content\/uploads\/2016\/08\/sfpt_gh_1a-4.pdf\" target=\"_blank\">PDF<\/a><\/p>\n<p style=\"text-align: justify;\"><strong><span style=\"color: #ff0000;\"><em>Pause caf\u00e9<\/em><\/span><\/strong><\/p>\n<p><strong>SESSION 1b<\/strong> (11h00-11h40) : <strong>me\u0301thodologie (classification \/ de\u0301me\u0301lange \/ fusion)<\/strong><\/p>\n<p style=\"text-align: justify;\"><span style=\"text-decoration: underline;\">Mode\u0301rateurs<\/span> : M. Fauvel et M. Dalla Mura<\/p>\n<p style=\"text-align: justify;\">M. A. Veganzones, J. Cohen, R. Cabral Farias, J. Chanussot, P. Comon, <strong>NONENGATIVE TENSOR CP DECOMPOSITION OF HYPERSPECTRAL DATA<\/strong>. <a href=\"http:\/\/www.sfpt.fr\/hyperspectral\/wp-content\/uploads\/2016\/08\/sfpt_gh_1b-1.pdf\" target=\"_blank\">PDF<\/a><\/p>\n<p style=\"text-align: justify;\">M.-F. Devaux, F. Jamme, M. Hanafi, F. Guillon, <strong>Multibloc analysis of multimodal and multiresolution hyperspectral images. Application to plant cell wall analysis<\/strong>. <a href=\"http:\/\/www.sfpt.fr\/hyperspectral\/wp-content\/uploads\/2016\/08\/sfpt_gh_1b-2.pdf\" target=\"_blank\">PDF<\/a><\/p>\n<p><strong>SESSION 2<\/strong> (11h40-12h40) : <strong>milieux littoraux<\/strong><\/p>\n<p style=\"text-align: justify;\"><span style=\"text-decoration: underline;\">Mod\u00e9rateurs<\/span> : A. Minghelli et T. Bajjouk<\/p>\n<p style=\"text-align: justify;\">M. Guillaume, A. Minghelli, M. Chami, B. Lafrance, Y. Deville, V. Serfaty, <strong>Analyse des fonds en zone littorale me\u0301diterrane\u0301enne franc\u0327aise (Port-Cros) par imagerie hyperspectrale ae\u0301rienne : (du projet HypMed au) projet HypFoM<\/strong>. <a href=\"http:\/\/www.sfpt.fr\/hyperspectral\/wp-content\/uploads\/2016\/08\/sfpt_gh_2-1.pdf\" target=\"_blank\">PDF<\/a><\/p>\n<p style=\"text-align: justify;\">T. Petit, T. Bajjouk, P. Mouquet, S. Rochette, B. Vozel, C. Delacourt, <strong>Hyperspectral remote sensing of coral reefs by semi-analytical model inversion \u2013 comparison of inversion schemes<\/strong>. <a href=\"http:\/\/www.sfpt.fr\/hyperspectral\/wp-content\/uploads\/2016\/08\/sfpt_gh_2-2.pdf\" target=\"_blank\">PDF<\/a><\/p>\n<p style=\"text-align: justify;\">M. Lennon, N. Thomas, S. Smet, M. de Lagarde, J. P. Quod, J. B. Nicet, D. Corman, F. Gauthiez, <strong>Inte\u0301gration et mise en \u0153uvre ope\u0301rationnelle d&#8217;un drone hyperspectral longue endurance<\/strong>. <a href=\"http:\/\/www.sfpt.fr\/hyperspectral\/wp-content\/uploads\/2016\/08\/sfpt_gh_2-3.pdf\" target=\"_blank\">PDF<\/a><\/p>\n<p><strong><span style=\"color: #ff0000;\"><em>Pause d\u00e9jeuner<\/em><\/span><\/strong><\/p>\n<p><strong>SESSION 3<\/strong> (14h00-15h40) : <strong>milieux urbains\/HYEP<\/strong><\/p>\n<p style=\"text-align: justify;\"><span style=\"text-decoration: underline;\">Mod\u00e9rateurs<\/span> : C. Weber et X. Briottet<\/p>\n<p style=\"text-align: justify;\">C. Weber, X. Briottet, C. Mallet, S. Gadal, <strong>Hyperspectral Imagery for Environmental urban Planning: HYEP<\/strong>. <a href=\"http:\/\/www.sfpt.fr\/hyperspectral\/wp-content\/uploads\/2016\/08\/sfpt_gh_3-1.pdf\" target=\"_blank\">PDF<\/a><\/p>\n<p style=\"text-align: justify;\">G. Roussel, C. Weber, X. Briottet, X. Ceamanos, <strong>Comparaison de deux me\u0301thodes de correction atmosphe\u0301rique \u00e0 diffe\u0301rentes re\u0301solutions pour des applications de classification d\u2019images hyperspectrales<\/strong>. <a href=\"http:\/\/www.sfpt.fr\/hyperspectral\/wp-content\/uploads\/2016\/08\/sfpt_gh_3-2.pdf\" target=\"_blank\">PDF<\/a><\/p>\n<p style=\"text-align: justify;\">W. Ourghemmi, S. Gadal, G. Mozgeris, V. Juodkiene, D. Jonikavicius, G. Skupinski, C. Weber, <strong>Generation of urban objects spectral database using laboratory hyperspectral imager in Kaunas city (Lithuania)<\/strong>. <a href=\"http:\/\/www.sfpt.fr\/hyperspectral\/wp-content\/uploads\/2016\/08\/sfpt_gh_3-3.pdf\" target=\"_blank\">PDF<\/a><\/p>\n<p style=\"text-align: justify;\">S. Gadal, W. Ourghemmi, <strong>Identification of urban objects using spectral library combined with airborne hyperspectral imaging<\/strong>. <a href=\"http:\/\/www.sfpt.fr\/hyperspectral\/wp-content\/uploads\/2016\/08\/sfpt_gh_3-4.pdf\" target=\"_blank\">PDF<\/a><\/p>\n<p style=\"text-align: justify;\">Y. Deville, F. Z. Benhalouchea, M. S. Karoui, A. Ouamri, <strong>Bilinear matrix factorization methods and application to unsupervised unmixing of urban hyperspectral images<\/strong>. <a href=\"http:\/\/www.sfpt.fr\/hyperspectral\/wp-content\/uploads\/2016\/08\/sfpt_gh_3-5.pdf\" target=\"_blank\">PDF<\/a><\/p>\n<p style=\"text-align: justify;\"><strong><span style=\"color: #ff0000;\"><em>Pause cafe\u0301<\/em><\/span><\/strong><\/p>\n<p><strong>SESSION 4<\/strong> (16h10-17h30) : <strong>astrophysique \/ plane\u0301tologie<\/strong><\/p>\n<p style=\"text-align: justify;\"><span style=\"text-decoration: underline;\">Mod\u00e9rateurs<\/span> : F. Andrieu et C. Meillier<\/p>\n<p style=\"text-align: justify;\">R. Bacher, F. Chatelain, O. Michel, <strong>Source Halo Advanced Detection and Estimation : une me\u0301thode de de\u0301tection du Circum-Galactic Medium<\/strong>. <a href=\"http:\/\/www.sfpt.fr\/hyperspectral\/wp-content\/uploads\/2016\/08\/sfpt_gh_4-1.pdf\" target=\"_blank\">PDF<\/a><\/p>\n<p style=\"text-align: justify;\">A. Boulais, Y. Deville, O. Berne\u0301, <strong>A geometrical blind separation method for hyperspectral astrophysical images with unconstrained sum and pure pixels<\/strong>. <a href=\"http:\/\/www.sfpt.fr\/hyperspectral\/wp-content\/uploads\/2016\/08\/sfpt_gh_4-2.pdf\" target=\"_blank\">PDF<\/a><\/p>\n<p style=\"text-align: justify;\">C. Meillier, P. Bianchi, W. Hachem, <strong>De\u0301convolution distribue\u0301e pour les grandes images hyperspectrales en interfe\u0301rome\u0301trie radio<\/strong>. <a href=\"http:\/\/www.sfpt.fr\/hyperspectral\/wp-content\/uploads\/2016\/08\/sfpt_gh_4-3.pdf\" target=\"_blank\">PDF<\/a><\/p>\n<p style=\"text-align: justify;\">F. Andrieu, F. Schmidt, <strong>Inversions baye\u0301siennes massives avec tables de donne\u0301es<\/strong>. <a href=\"http:\/\/www.sfpt.fr\/hyperspectral\/wp-content\/uploads\/2016\/08\/sfpt_gh_4-4.pdf\" target=\"_blank\">PDF<\/a><\/p>\n<p>17h30 -19h30 <strong>SESSION POSTERS<\/strong> + <strong><em><span style=\"color: #ff0000;\">Cocktail dinatoire<\/span><\/em><\/strong><\/p>\n<p style=\"text-align: justify;\">S. Doute\u0301, M. A. Veganzones, M. Dalla Mura, <strong>Hypsimars a tool to simulate multi-angular hyperspectral images for Martian 3D scenes<\/strong>.<\/p>\n<p style=\"text-align: justify;\">D. Pauwels, G. Tochon, M. Dalla Mura, J. Chanussot, <strong>De\u0301tection et suivi de panaches de gaz dans des se\u0301quences vide\u0301o hyperspectrales infrarouges par de\u0301me\u0301lange spectral<\/strong>.<\/p>\n<p style=\"text-align: justify;\">T. Masson, M. Dalla Mura, M. Dumont, J. Chanussot, P. Sirguey, <strong>Comparaison entre diffe\u0301rentes approches base\u0301es sur le de\u0301me\u0301lange spectral pour l\u2019estimation des cartes de couverture neigeuse<\/strong>.<\/p>\n<p style=\"text-align: justify;\">M. A. Veganzones, J. Cohen, R. Cabral Farias, R. Marrero , J. Chanussot, P. Comon, <strong>MULTILINEAR SPECTRAL UNMIXING OF HYPERSPECTRAL MULTIANGLE IMAGES<\/strong>.<\/p>\n<p style=\"text-align: justify;\">P. Addesso, <strong>HYPERSPECTRAL PANSHARPENING USING CONVEX OPTIMIZATION AND COLLABORATIVE TOTAL VARIATION REGULARIZATION<\/strong>.<\/p>\n<p style=\"text-align: justify;\">F. Weber, E. Moulines, S. Lefebvre, M. Bousquet, N. Roux, <strong>Hyperspectral textured background modelling for anomaly detection<\/strong>.<\/p>\n<p style=\"text-align: justify;\">A. Minghelli, M. Guillaume, P. De\u0301liot , R. Marion, M. Peirache, <strong>Cartographie des fonds marins \u00e0 partir d\u2019images hyperspectrales ae\u0301riennes par correction de l\u2019atte\u0301nuation du signal du fond par la colonne d\u2019eau<\/strong>.<\/p>\n<p style=\"text-align: justify;\">C. Weber, S. Zinko, T. Lampert, P. Gancarski, <strong>HYEP : des bases de donne\u0301es spectrales \u00e0 l\u2019usage de la communaute\u0301<\/strong>.<\/p>\n<p style=\"text-align: justify;\">A. Le Bris, N. Chehata, X. Briottet, N. Paparoditis, <strong>Optimisation de la configuration d&#8217;un instrument superspectral ae\u0301roporte\u0301 pour la classification en milieu urbain<\/strong>. <a href=\"http:\/\/www.sfpt.fr\/hyperspectral\/wp-content\/uploads\/2016\/08\/sfpt_gh_poster-9.pdf\" target=\"_blank\">PDF<\/a><\/p>\n<p style=\"text-align: justify;\">S. Duthoit, M. Fauvel, A. Jacquin, J. Albetis, E. Laroche-Pinel, <strong>Detection of the Flavescence dore\u0301e grapevine disease by hyperspectral imagery &#8211; Spectral signatures analysis and development of a specific vegetation index<\/strong>.<\/p>\n<p style=\"text-align: justify;\">J. Aval, S. Fabre, X. Briottet, E. Zenou, D. Sheeren, M. Fauvel, <strong>Vers la classification automatise\u0301e d\u2019une grande diversite\u0301 d\u2019esp\u00e8ces d\u2019arbres en milieu urbain europe\u0301en oriente\u0301e pixel \u00e0 partir de donne\u0301es hyperspectrales<\/strong>. <a href=\"http:\/\/www.sfpt.fr\/hyperspectral\/wp-content\/uploads\/2016\/08\/sfpt_gh_poster-11.pdf\" target=\"_blank\">PDF<\/a><\/p>\n<p style=\"text-align: justify;\">K. Tabia, X. Desquesnes, Y. Lucas, S. Treuillet, <strong>Contours actifs sur graphe pour la segmentation d\u2019images hyperspectrales<\/strong>.<\/p>\n<p style=\"text-align: justify;\">A. Geairon, D. Veli\u010dkovi\u0107, F. Guillon, L. Saulnier, H. Rogniaux, <strong>A new image of wheat cell walls revealed through mass spectrometry imaging<\/strong>.<\/p>\n<p style=\"text-align: justify;\">M. Corcel, C. Barron, F. Guillon, M.-F. Devaux, <strong>Segmentation d\u2019images multispectrales par une me\u0301thode de k-means multi-e\u0301chelle<\/strong>. <a href=\"http:\/\/www.sfpt.fr\/hyperspectral\/wp-content\/uploads\/2016\/08\/sfpt_gh_poster-14.pdf\" target=\"_blank\">PDF<\/a><\/p>\n<p style=\"text-align: justify;\">S. Meulenyzer, <strong>S.E.M. ADVANCED IMAGE ANALYSIS TOOLS APPLIED TO CEMENT AND CONCRETE MICROSTRUCTURE: A REVIEW OF \u2018SPECTRO-SPATIAL\u2019 STRATEGIES AND CASES OF APPLICATION<\/strong>. <a href=\"http:\/\/www.sfpt.fr\/hyperspectral\/wp-content\/uploads\/2016\/08\/sfpt_gh_1a-2.pdf\" target=\"_blank\">PDF<\/a><\/p>\n<p style=\"text-align: justify;\">PARAMOUNT ADVANCED TECHNOLOGIES, <strong>SIGAL: See &amp; Identify GAs Leaks<\/strong>. <a href=\"http:\/\/www.sfpt.fr\/hyperspectral\/wp-content\/uploads\/2016\/08\/sfpt_gh_poster-17.pdf\" target=\"_blank\">PDF<\/a><\/p>\n<p style=\"text-align: justify;\">20h00-21h00 <strong>CONF\u00c9RENCE<\/strong> grand publique consacre\u0301e \u00e0 l\u2019exploration de la plan\u00e8te Pluton par la mission ame\u0301ricaine \u00ab New Horizons \u00bb par B. Schmitt (IPAG).<\/p>\n<p style=\"text-align: center;\"><strong><span style=\"text-decoration: underline;\">VENDREDI 13 MAI 2016<\/span><\/strong><\/p>\n<p><strong>SESSION 5<\/strong> (8h30-10h10) : <strong>sols<\/strong><\/p>\n<p style=\"text-align: justify;\"><span style=\"text-decoration: underline;\">Mod\u00e9rateurs<\/span> : C. Gomez et V. Carr\u00e8re<\/p>\n<p style=\"text-align: justify;\">C. Gomez, K. Adeline, S. Bacha, B. Driessen, P. Lagacherie, X. Briottet, <strong>Impact of the spectral resolution of VNIR\/SWIR imaging sensors on clay content prediction<\/strong>. <a href=\"http:\/\/www.sfpt.fr\/hyperspectral\/wp-content\/uploads\/2016\/08\/sfpt_gh_5-1.pdf\" target=\"_blank\">PDF<\/a><\/p>\n<p style=\"text-align: justify;\">E. Ducasse, R. Oltra-Carri\u00f3, A. Hohmann, A. Bourguignon, X. Briottet, G. Grandjean, <strong>Discrimination d&#8217;argiles \u00e0 partir de mesures hyperspectrales de laboratoire<\/strong>. <a href=\"http:\/\/www.sfpt.fr\/hyperspectral\/wp-content\/uploads\/2016\/08\/sfpt_gh_5-2.pdf\" target=\"_blank\">PDF<\/a><\/p>\n<p style=\"text-align: justify;\">A. Bablet, F. Viallefont, X. Briottet, S. Fabre, S. Jacquemoud, <strong>Mode\u0301lisation de la re\u0301flectance des sols nus en fonction de leur teneur en eau dans le domaine re\u0301flectif<\/strong>. <a href=\"http:\/\/www.sfpt.fr\/hyperspectral\/wp-content\/uploads\/2016\/08\/sfpt_gh_5-3.pdf\" target=\"_blank\">PDF<\/a><\/p>\n<p style=\"text-align: justify;\">M. Brossard, R. Marion, V. Carr\u00e8re, M. Lothode\u0301, <strong>Apport de l&#8217;imagerie hyperspectrale pour la caracte\u0301risation des mine\u0301raux industriels et miniers<\/strong>. <a href=\"http:\/\/www.sfpt.fr\/hyperspectral\/wp-content\/uploads\/2016\/08\/sfpt_gh_5-4.pdf\" target=\"_blank\">PDF<\/a><\/p>\n<p style=\"text-align: justify;\">V. Achard, X. Ceamanos, D. Dubucq, <strong>De\u0301me\u0301lange line\u0301aire pour la de\u0301tection et la caracte\u0301risation d\u2019hydrocarbure onshore<\/strong>. <a href=\"http:\/\/www.sfpt.fr\/hyperspectral\/wp-content\/uploads\/2016\/08\/sfpt_gh_5-5.pdf\" target=\"_blank\">PDF<\/a><\/p>\n<p style=\"text-align: justify;\"><span style=\"color: #ff0000;\"><strong><em>Pause cafe\u0301<\/em><\/strong><\/span><\/p>\n<p><strong>SESSION 6<\/strong> (10h40-12h00) : <strong>ve\u0301ge\u0301tation<\/strong><\/p>\n<p style=\"text-align: justify;\"><span style=\"text-decoration: underline;\">Mod\u00e9rateurs<\/span> : J.-B. Fe\u0301ret et N. Gorretta<\/p>\n<p style=\"text-align: justify;\">J.-B. Fe\u0301ret, N. Barbier, D. Berveiller, J.-P. Gastellu-Etchegorry, E. Grau, G. Hmimina, M.-J. Lef\u00e8vre-Fonollosa, G. le Maire, J. Oliveira, C. Proisy, K. Soudani, G. Vincent, <strong>Estimation de la biodiversite\u0301 des for\u00eats tropicales par imagerie hyperspectrale : avance\u0301es du projet HyperTropik<\/strong>. <a href=\"http:\/\/www.sfpt.fr\/hyperspectral\/wp-content\/uploads\/2016\/08\/sfpt_gh_6-1.pdf\" target=\"_blank\">PDF<\/a><\/p>\n<p style=\"text-align: justify;\">S. Jay, N. Gorretta, R. Bendoula, F. Maupas, <strong>Estimation de la teneur en chlorophylle foliaire sur la betterave sucri\u00e8re par imagerie hyperspectrale de proxi-de\u0301tection : e\u0301tude de l\u2019impact de la re\u0301solution spatiale<\/strong>. <a href=\"http:\/\/www.sfpt.fr\/hyperspectral\/wp-content\/uploads\/2016\/08\/sfpt_gh_6-2.pdf\" target=\"_blank\">PDF<\/a><\/p>\n<p style=\"text-align: justify;\">E. Lancelot, P. Courcoux, S. Chevallier, A. Le-Bail, B. Jaillais, <strong>Imagerie hyperspectrale proche infrarouge (NIR-HSI) applique\u0301e \u00e0 la quantification de la teneur en eau de produits ce\u0301re\u0301aliers<\/strong>. <a href=\"http:\/\/www.sfpt.fr\/hyperspectral\/wp-content\/uploads\/2016\/08\/sfpt_gh_6-3.pdf\" target=\"_blank\">PDF<\/a><\/p>\n<p style=\"text-align: justify;\">J. Ben Arfa, J.-C. Berges, G. Beltrando, R. Katlane, F. Zargouni, <strong>Apport de l\u2019imagerie hyperspectrale du capteur Hype\u0301rion pour la de\u0301tection des mutations environnementaux des oasis littorales de Gab\u00e8s<\/strong>. <a href=\"http:\/\/www.sfpt.fr\/hyperspectral\/wp-content\/uploads\/2016\/08\/sfpt_gh_6-4.pdf\" target=\"_blank\">PDF<\/a><\/p>\n<p style=\"text-align: justify;\"><span style=\"color: #ff0000;\"><em><strong>Pause de\u0301jeuner<\/strong><\/em><\/span><\/p>\n<p><strong>SESSION 7<\/strong> (13h30-14h50) : <strong>atmosph\u00e8re<\/strong><\/p>\n<p style=\"text-align: justify;\"><span style=\"text-decoration: underline;\">Mod\u00e9rateurs<\/span> : S. Payan et R. Marion<\/p>\n<p style=\"text-align: justify;\">A. Que\u0301me\u0301ner, R. Marion, <strong>De\u0301tection de gaz industriels par filtrage adapte\u0301 CTMF en imagerie hyperspectrale<\/strong>. <a href=\"http:\/\/www.sfpt.fr\/hyperspectral\/wp-content\/uploads\/2016\/08\/sfpt_gh_7-1.pdf\" target=\"_blank\">PDF<\/a><\/p>\n<p style=\"text-align: justify;\">S. Gousset, E. Le Coarer, N. Guerineau, Y. Ferrec, L. Croize, <strong>CarboSPOC-21 : suivi journalier de la concentration des gaz \u00e0 effet de serre depuis l\u2019espace par spectrome\u0301trie \u00e0 transforme\u0301e de Fourier ultra-compact<\/strong>. <a href=\"http:\/\/www.sfpt.fr\/hyperspectral\/wp-content\/uploads\/2016\/08\/sfpt_gh_7-2.pdf\" target=\"_blank\">PDF<\/a><\/p>\n<p style=\"text-align: justify;\">Y. Philippets, R. Marion, P.-Y. Foucher, X. Briottet, <strong>De\u0301tection et identification par filtrage adapte\u0301 de panaches d\u2019ae\u0301rosols industriels en imagerie hyperspectrale<\/strong>. <a href=\"http:\/\/www.sfpt.fr\/hyperspectral\/wp-content\/uploads\/2016\/08\/sfpt_gh_7-3.pdf\" target=\"_blank\">PDF<\/a><\/p>\n<p style=\"text-align: justify;\">S. Payan, N. Huret, V. Catoire, S. Langlois, G. Salerno,T. Roberts, D. Rodriguez, A. Pola Fossi, A. La Spina, T. Caltabiano, S. Chevrier, Y. Ferrec, <strong>Utilisation d\u2019imageurs infrarouges hyperspectraux pour l\u2019e\u0301tude de panaches volcanique : la campagne IMAGETNA<\/strong>. <a href=\"http:\/\/www.sfpt.fr\/hyperspectral\/wp-content\/uploads\/2016\/08\/sfpt_gh_7-4.pdf\" target=\"_blank\">PDF<\/a><\/p>\n<p style=\"text-align: justify;\"><span style=\"color: #ff0000;\"><em><strong>Pause cafe\u0301<\/strong><\/em><\/span><\/p>\n<p><strong>TABLE RONDE<\/strong> (15h20-16h20) : <strong>capteurs<\/strong><\/p>\n<p style=\"text-align: justify;\"><span style=\"text-decoration: underline;\">Animation<\/span> : E. Le Coarer (IPAG) et N. Gue\u0301rineau (ONERA DOTA)<\/p>\n<p style=\"text-align: justify;\">Information et discussion autour<\/p>\n<ul style=\"text-align: justify;\">\n<li>de l\u2019enjeu de la miniaturisation des capteurs hyperspectraux<\/li>\n<li>du pixel intelligent : intelligence embarque\u0301e, processus de re\u0301duction de donne\u0301es \u00e0 bord, etc.<\/li>\n<\/ul>\n<p style=\"text-align: justify;\">16h20-16h30 <strong>Cl\u00f4ture du colloque et futurs rendez-vous<\/strong> <a href=\"http:\/\/www.sfpt.fr\/hyperspectral\/wp-content\/uploads\/2016\/08\/Organisation_SFTH_Brest.pdf\" target=\"_blank\">PDF<\/a><\/p>\n","protected":false},"excerpt":{"rendered":"<p>Vous trouverez ci-dessous le programme ainsi que les pr\u00e9sentations orales et les posters pr\u00e9sent\u00e9s lors du colloque. Vous pouvez \u00e9galement t\u00e9l\u00e9charger ici : les r\u00e9sum\u00e9s (proceedings_colloque_SFPT-GH_2016_final.pdf) le bilan du colloque (bilan_colloque_SFPT-GH_2016.pdf) une s\u00e9lection de photos (selection_photos.pdf) JEUDI 12 MAI 2016 INTRODUCTION \u2013 INFORMATIONS 8h30-8h35 Ouverture du colloque, Y. Mar\u00e9chal (Directeur de l&#8217;ENSE3) PDF 8h35-8h40 Pre\u0301sentation &hellip; <\/p>\n<p class=\"link-more\"><a href=\"http:\/\/www.sfpt.fr\/hyperspectral\/?page_id=1282\" class=\"more-link\">Continuer la lecture<span class=\"screen-reader-text\"> de &laquo;&nbsp;Colloque : programme, pr\u00e9sentations et posters&nbsp;&raquo;<\/span><\/a><\/p>\n","protected":false},"author":1,"featured_media":0,"parent":0,"menu_order":0,"comment_status":"closed","ping_status":"open","template":"","meta":{"_s2mail":"yes","footnotes":""},"class_list":["post-1282","page","type-page","status-publish","hentry"],"_links":{"self":[{"href":"http:\/\/www.sfpt.fr\/hyperspectral\/index.php?rest_route=\/wp\/v2\/pages\/1282","targetHints":{"allow":["GET"]}}],"collection":[{"href":"http:\/\/www.sfpt.fr\/hyperspectral\/index.php?rest_route=\/wp\/v2\/pages"}],"about":[{"href":"http:\/\/www.sfpt.fr\/hyperspectral\/index.php?rest_route=\/wp\/v2\/types\/page"}],"author":[{"embeddable":true,"href":"http:\/\/www.sfpt.fr\/hyperspectral\/index.php?rest_route=\/wp\/v2\/users\/1"}],"replies":[{"embeddable":true,"href":"http:\/\/www.sfpt.fr\/hyperspectral\/index.php?rest_route=%2Fwp%2Fv2%2Fcomments&post=1282"}],"version-history":[{"count":36,"href":"http:\/\/www.sfpt.fr\/hyperspectral\/index.php?rest_route=\/wp\/v2\/pages\/1282\/revisions"}],"predecessor-version":[{"id":1396,"href":"http:\/\/www.sfpt.fr\/hyperspectral\/index.php?rest_route=\/wp\/v2\/pages\/1282\/revisions\/1396"}],"wp:attachment":[{"href":"http:\/\/www.sfpt.fr\/hyperspectral\/index.php?rest_route=%2Fwp%2Fv2%2Fmedia&parent=1282"}],"curies":[{"name":"wp","href":"https:\/\/api.w.org\/{rel}","templated":true}]}}