{"id":23,"date":"2013-01-17T14:57:51","date_gmt":"2013-01-17T13:57:51","guid":{"rendered":"http:\/\/www.sfpt.fr\/hyperspectral\/?page_id=23"},"modified":"2014-01-10T13:39:53","modified_gmt":"2014-01-10T12:39:53","slug":"groupe-de-synthese-hyperspectral","status":"publish","type":"page","link":"http:\/\/www.sfpt.fr\/hyperspectral\/?page_id=23","title":{"rendered":"Groupe de Synth\u00e8se Hyperspectral (GSH)"},"content":{"rendered":"<p style=\"text-align: justify;\">Le rapport \u00ab Synth\u00e8se sur l\u2019imagerie hyperspectrale \u00bb publi\u00e9 en 2008 rassemble et synth\u00e9tise les applications de l\u2019imagerie hyperspectrale \u00e0 la fois dans le domaine de la science et celui de la D\u00e9fense pour le programme d&#8217;Observation de la Terre de la Direction de la Strat\u00e9gie et des Programmes du CNES. Le groupe de travail a r\u00e9uni vingt repr\u00e9sentants de la communaut\u00e9 nationale publique et priv\u00e9e, civile et de d\u00e9fense d\u2019avril 2007 \u00e0 septembre 2008. La coh\u00e9rence est assur\u00e9e avec le Groupe de Travail HyperSpectral (GTHS D\u00e9fense) ouvert par l\u2019Etat Major des Arm\u00e9es depuis 2004.<\/p>\n<p style=\"text-align: justify;\">Les experts expriment d\u2019abord le bon positionnement des comp\u00e9tences nationales dans six th\u00e8mes scientifiques, respectivement \u00ab V\u00e9g\u00e9tation \u00bb, \u00ab Ecosyst\u00e8mes C\u00f4tiers et Lacustres \u00bb, \u00ab G\u00e9osciences \u2013 Sciences de la Terre Solide \u00bb, \u00ab Urbain \u00bb, \u00ab Atmosph\u00e8re \u00bb et \u00ab Traitement du Signal et de l\u2019Image \u00bb. Les trois premiers sont pr\u00eats pour un emploi op\u00e9rationnel des donn\u00e9es hyperspectrales spatiales par des utilisateurs priv\u00e9s et publics pour r\u00e9pondre \u00e0 des enjeux scientifiques et \u00e0 des besoins soci\u00e9taux bien identifi\u00e9s (aucune \u00e9tude \u00e9conomique syst\u00e9matique n\u2019a n\u00e9anmoins \u00e9t\u00e9 effectu\u00e9e \u00e0 ce stade) ; les autres valorisent une comp\u00e9tence nationale forte autant que n\u00e9cessaire \u00e0 l\u2019exploitation de donn\u00e9es ou sont plus prospectifs. Suivent les th\u00e8mes \u00ab D\u00e9fense \u00bb, qui exprime un int\u00e9r\u00eat suffisant pour envisager une mission spatiale, et \u00ab Technologie \/ Industrie \u00bb, d\u00e9crivant le fort potentiel d\u2019innovation et de ma\u00eetrise technologique du domaine.<\/p>\n<p style=\"text-align: justify;\">La synth\u00e8se des positionnements montre d\u2019abord que l\u2019hyperspectral devient une technologie spatiale de t\u00e9l\u00e9d\u00e9tection avec une orientation unique : l\u2019imagerie des surfaces complexes. Les arguments de la communaut\u00e9 nationale la placent au seuil de percolation l\u00e9gitimant l\u2019implication du CNES. Elle forme, en effet, l\u2019int\u00e9gralit\u00e9 d\u2019une cha\u00eene de comp\u00e9tence de qualit\u00e9 comparable, sinon meilleure, \u00e0 celles mises en oeuvre par d\u2019autres agences pour d\u00e9velopper des programmes hyperspectraux spatiaux. Par ailleurs, les caract\u00e9ristiques des missions en cours laissent la place au d\u00e9veloppement de capacit\u00e9s qui rapprocheraient significativement d\u2019une exploitation op\u00e9rationnelle de l\u2019espace.<\/p>\n<p style=\"text-align: justify;\">La r\u00e9serve programmatique du CNES jusqu\u2019\u00e0 aujourd\u2019hui peut se concr\u00e9tiser en un avantage strat\u00e9gique. Il est envisageable, en effet, que la qualit\u00e9 et la quantit\u00e9 des donn\u00e9es qui seront fournies par les missions en cours, notamment allemande ou italienne, ne permettent pas sans compl\u00e9ment de d\u00e9montrer l\u2019int\u00e9r\u00eat op\u00e9rationnel d\u2019une imagerie hyperspectrale spatiale. Des sc\u00e9narios d\u2019implication croissante du CNES vers une t\u00e9l\u00e9d\u00e9tection hyperspectrale op\u00e9rationnelle aux horizons 2012 et 2018 sont propos\u00e9s dans ce sens. La composante hyperspectrale offre par ailleurs au CNES un potentiel d\u2019innovation et de croissance en imagerie optique plus important que les composantes \u00ab r\u00e9solution spatiale \u00bb et \u00ab champ \u00bb qui ont d\u00e9j\u00e0 connu un fort d\u00e9veloppement et sont consid\u00e9r\u00e9es aujourd\u2019hui \u00e0 l\u2019international comme faisant partie des axes de R&amp;D industriels (c\u2019est notamment le cas pour Pl\u00e9iades). Le d\u00e9veloppement d&#8217;une fili\u00e8re d&#8217;imagerie hyperspectrale op\u00e9rationnelle dans laquelle le CNES jouerait un r\u00f4le moteur et p\u00e9renne pourrait contribuer \u00e0 la r\u00e9orientation de l\u2019agence comme suite \u00e0 l\u2019externalisation de la fili\u00e8re SPOT champ large.<\/p>\n<p style=\"text-align: justify;\">Pour t\u00e9l\u00e9charger le rapport du GSH : <a href=\"http:\/\/www.sfpt.fr\/hyperspectral\/wp-content\/uploads\/2013\/01\/GSH_Rapport_Final_Nov2008.pdf\" target=\"_blank\">Synth\u00e8se sur l&#8217;imagerie hyperspectrale<\/a><\/p>\n<p style=\"text-align: justify;\">Pour t\u00e9l\u00e9charger le compl\u00e9ment concernant la cryosph\u00e8re de janvier 2014 : <a href=\"http:\/\/www.sfpt.fr\/hyperspectral\/wp-content\/uploads\/2014\/01\/GSH_Complement_Cryosphere.pdf\" target=\"_blank\">Compl\u00e9ment sur la cryosph\u00e8re<\/a><\/p>\n","protected":false},"excerpt":{"rendered":"<p>Le rapport \u00ab Synth\u00e8se sur l\u2019imagerie hyperspectrale \u00bb publi\u00e9 en 2008 rassemble et synth\u00e9tise les applications de l\u2019imagerie hyperspectrale \u00e0 la fois dans le domaine de la science et celui de la D\u00e9fense pour le programme d&#8217;Observation de la Terre de la Direction de la Strat\u00e9gie et des Programmes du CNES. Le groupe de travail &hellip; <\/p>\n<p class=\"link-more\"><a href=\"http:\/\/www.sfpt.fr\/hyperspectral\/?page_id=23\" class=\"more-link\">Continuer la lecture<span class=\"screen-reader-text\"> de &laquo;&nbsp;Groupe de Synth\u00e8se Hyperspectral (GSH)&nbsp;&raquo;<\/span><\/a><\/p>\n","protected":false},"author":1,"featured_media":0,"parent":0,"menu_order":0,"comment_status":"closed","ping_status":"open","template":"","meta":{"_s2mail":"yes","footnotes":""},"class_list":["post-23","page","type-page","status-publish","hentry"],"_links":{"self":[{"href":"http:\/\/www.sfpt.fr\/hyperspectral\/index.php?rest_route=\/wp\/v2\/pages\/23","targetHints":{"allow":["GET"]}}],"collection":[{"href":"http:\/\/www.sfpt.fr\/hyperspectral\/index.php?rest_route=\/wp\/v2\/pages"}],"about":[{"href":"http:\/\/www.sfpt.fr\/hyperspectral\/index.php?rest_route=\/wp\/v2\/types\/page"}],"author":[{"embeddable":true,"href":"http:\/\/www.sfpt.fr\/hyperspectral\/index.php?rest_route=\/wp\/v2\/users\/1"}],"replies":[{"embeddable":true,"href":"http:\/\/www.sfpt.fr\/hyperspectral\/index.php?rest_route=%2Fwp%2Fv2%2Fcomments&post=23"}],"version-history":[{"count":17,"href":"http:\/\/www.sfpt.fr\/hyperspectral\/index.php?rest_route=\/wp\/v2\/pages\/23\/revisions"}],"predecessor-version":[{"id":814,"href":"http:\/\/www.sfpt.fr\/hyperspectral\/index.php?rest_route=\/wp\/v2\/pages\/23\/revisions\/814"}],"wp:attachment":[{"href":"http:\/\/www.sfpt.fr\/hyperspectral\/index.php?rest_route=%2Fwp%2Fv2%2Fmedia&parent=23"}],"curies":[{"name":"wp","href":"https:\/\/api.w.org\/{rel}","templated":true}]}}