{"id":36,"date":"2013-01-17T15:09:43","date_gmt":"2013-01-17T14:09:43","guid":{"rendered":"http:\/\/www.sfpt.fr\/hyperspectral\/?page_id=36"},"modified":"2014-06-16T10:16:10","modified_gmt":"2014-06-16T09:16:10","slug":"appels-doffre","status":"publish","type":"page","link":"http:\/\/www.sfpt.fr\/hyperspectral\/?page_id=36","title":{"rendered":"Appels d&#8217;offre"},"content":{"rendered":"<p style=\"text-align: justify;\">Voici quelques agences, programmes et organismes pouvant soutenir vos projets de recherche et\/ou financer des th\u00e8ses et des post-doctorats.<\/p>\n<ul style=\"text-align: justify;\">\n<li><a href=\"http:\/\/www.agence-nationale-recherche.fr\/\" target=\"_blank\">ANR<\/a> (Agence Nationale de la Recherche)<\/li>\n<li><a href=\"http:\/\/www.agence-nationale-recherche.fr\/financer-votre-projet\/appel-detail\/accompagnement-specifique-des-travaux-de-recherches-et-d-innovation-defense-astrid-2013\/\" target=\"_blank\">ANR-ASTRID<\/a> (Accompagnement Sp\u00e9cifique des Travaux de Recherches et d&#8217;Innovation D\u00e9fense)<\/li>\n<li><a href=\"http:\/\/www.insu.cnrs.fr\/pnts\" target=\"_blank\">PNTS<\/a> (Programme National de T\u00e9l\u00e9d\u00e9tection Spatiale)<\/li>\n<li><a href=\"http:\/\/www.insu.cnrs.fr\/node\/1519\" target=\"_blank\">PNP<\/a> (Programme National de Plan\u00e9tologie)<\/li>\n<li><a href=\"http:\/\/www.cnes.fr\/web\/CNES-fr\/7352-sciences-de-la-terre.php\" target=\"_blank\">TOSCA<\/a> (comit\u00e9 scientifique Terre, Oc\u00e9an, Surfaces Continentales, Atmosph\u00e8re du CNES)<\/li>\n<li><a href=\"http:\/\/cordis.europa.eu\/fp7\/home_fr.html\" target=\"_blank\">7\u00e8me PCRD<\/a> (7\u00e8me Programme Cadre de Recherche et D\u00e9veloppement)<\/li>\n<li><a href=\"http:\/\/ec.europa.eu\/programmes\/horizon2020\/\" target=\"_blank\">Horizon 2020<\/a> (Programme Europ\u00e9en de Recherche et d&#8217;Innovation)<\/li>\n<\/ul>\n<ul>\n<li style=\"text-align: justify;\">Bourses doctorales et post-doctorales de la <a href=\"http:\/\/www.ixarm.com\/-La-Formation-par-la-recherche-\" target=\"_blank\">DGA<\/a><\/li>\n<li style=\"text-align: justify;\">Bourses <a href=\"http:\/\/www.cnes.fr\/web\/CNES-fr\/9926-st-post-doctorats.php\" target=\"_blank\">CNES<\/a><\/li>\n<li style=\"text-align: justify;\">Informations compl\u00e9mentaires sur les bourses doctorales (<a href=\"http:\/\/teledetection.ipgp.fr\/mpt\/MPT_liste_theses.htm\" target=\"_blank\">site du Master Recherche MPT \/ M\u00e9thodes Physiques en T\u00e9l\u00e9d\u00e9tection<\/a>)<\/li>\n<\/ul>\n","protected":false},"excerpt":{"rendered":"<p>Voici quelques agences, programmes et organismes pouvant soutenir vos projets de recherche et\/ou financer des th\u00e8ses et des post-doctorats. ANR (Agence Nationale de la Recherche) ANR-ASTRID (Accompagnement Sp\u00e9cifique des Travaux de Recherches et d&#8217;Innovation D\u00e9fense) PNTS (Programme National de T\u00e9l\u00e9d\u00e9tection Spatiale) PNP (Programme National de Plan\u00e9tologie) TOSCA (comit\u00e9 scientifique Terre, Oc\u00e9an, Surfaces Continentales, Atmosph\u00e8re du &hellip; <\/p>\n<p class=\"link-more\"><a href=\"http:\/\/www.sfpt.fr\/hyperspectral\/?page_id=36\" class=\"more-link\">Continuer la lecture<span class=\"screen-reader-text\"> de &laquo;&nbsp;Appels d&#8217;offre&nbsp;&raquo;<\/span><\/a><\/p>\n","protected":false},"author":1,"featured_media":0,"parent":0,"menu_order":0,"comment_status":"closed","ping_status":"open","template":"","meta":{"_s2mail":"yes","footnotes":""},"class_list":["post-36","page","type-page","status-publish","hentry"],"_links":{"self":[{"href":"http:\/\/www.sfpt.fr\/hyperspectral\/index.php?rest_route=\/wp\/v2\/pages\/36","targetHints":{"allow":["GET"]}}],"collection":[{"href":"http:\/\/www.sfpt.fr\/hyperspectral\/index.php?rest_route=\/wp\/v2\/pages"}],"about":[{"href":"http:\/\/www.sfpt.fr\/hyperspectral\/index.php?rest_route=\/wp\/v2\/types\/page"}],"author":[{"embeddable":true,"href":"http:\/\/www.sfpt.fr\/hyperspectral\/index.php?rest_route=\/wp\/v2\/users\/1"}],"replies":[{"embeddable":true,"href":"http:\/\/www.sfpt.fr\/hyperspectral\/index.php?rest_route=%2Fwp%2Fv2%2Fcomments&post=36"}],"version-history":[{"count":17,"href":"http:\/\/www.sfpt.fr\/hyperspectral\/index.php?rest_route=\/wp\/v2\/pages\/36\/revisions"}],"predecessor-version":[{"id":559,"href":"http:\/\/www.sfpt.fr\/hyperspectral\/index.php?rest_route=\/wp\/v2\/pages\/36\/revisions\/559"}],"wp:attachment":[{"href":"http:\/\/www.sfpt.fr\/hyperspectral\/index.php?rest_route=%2Fwp%2Fv2%2Fmedia&parent=36"}],"curies":[{"name":"wp","href":"https:\/\/api.w.org\/{rel}","templated":true}]}}