{"id":387,"date":"2013-01-23T13:58:47","date_gmt":"2013-01-23T12:58:47","guid":{"rendered":"http:\/\/www.sfpt.fr\/hyperspectral\/?page_id=387"},"modified":"2016-05-17T16:35:52","modified_gmt":"2016-05-17T15:35:52","slug":"logiciels-algorithmes-et-donnees","status":"publish","type":"page","link":"http:\/\/www.sfpt.fr\/hyperspectral\/?page_id=387","title":{"rendered":"Logiciels, algorithmes et donn\u00e9es"},"content":{"rendered":"<p><strong><span style=\"text-decoration: underline;\">Logiciels<\/span><\/strong><\/p>\n<p><span style=\"text-decoration: underline;\"><strong>Algorithmes<\/strong><\/span><\/p>\n<ul>\n<li>Lien vers le projet Open Remote Sensing :<\/li>\n<\/ul>\n<p><a href=\"http:\/\/www.openremotesensing.net\" target=\"_blank\">http:\/\/www.openremotesensing.net<\/a><\/p>\n<p><span style=\"text-decoration: underline;\"><strong>Donn\u00e9es<\/strong><\/span><\/p>\n<ul>\n<li style=\"text-align: justify;\">Les images de l&#8217;archive AVIRIS sont t\u00e9l\u00e9chargeables gratuitement \u00e0 l&#8217;adresse :<\/li>\n<\/ul>\n<p style=\"text-align: justify;\"><a href=\"http:\/\/aviris.jpl.nasa.gov\/data\/get_aviris_data.html\" target=\"_blank\">http:\/\/aviris.jpl.nasa.gov\/data\/get_aviris_data.html<\/a><\/p>\n<ul style=\"text-align: justify;\">\n<li>Les images de l&#8217;archive Hyperion sont t\u00e9l\u00e9chargeables gratuitement \u00e0 l&#8217;adresse :<\/li>\n<\/ul>\n<p style=\"text-align: justify;\"><a href=\"http:\/\/eo1.usgs.gov\/acquisition\/hyperion\" target=\"_blank\">http:\/\/eo1.usgs.gov\/acquisition\/hyperion<\/a><\/p>\n<ul>\n<li style=\"text-align: justify;\">Le projet <a href=\"http:\/\/dirsapps.cis.rit.edu\/blindtest\/\" target=\"_blank\">Target Detection Blind Test<\/a> offre \u00e9galement la possibilit\u00e9 de t\u00e9l\u00e9charger des donn\u00e9es (avec v\u00e9rit\u00e9s terrain) pour des applications de d\u00e9tection<\/li>\n<\/ul>\n","protected":false},"excerpt":{"rendered":"<p>Logiciels Algorithmes Lien vers le projet Open Remote Sensing : http:\/\/www.openremotesensing.net Donn\u00e9es Les images de l&#8217;archive AVIRIS sont t\u00e9l\u00e9chargeables gratuitement \u00e0 l&#8217;adresse : http:\/\/aviris.jpl.nasa.gov\/data\/get_aviris_data.html Les images de l&#8217;archive Hyperion sont t\u00e9l\u00e9chargeables gratuitement \u00e0 l&#8217;adresse : http:\/\/eo1.usgs.gov\/acquisition\/hyperion Le projet Target Detection Blind Test offre \u00e9galement la possibilit\u00e9 de t\u00e9l\u00e9charger des donn\u00e9es (avec v\u00e9rit\u00e9s terrain) pour des &hellip; <\/p>\n<p class=\"link-more\"><a href=\"http:\/\/www.sfpt.fr\/hyperspectral\/?page_id=387\" class=\"more-link\">Continuer la lecture<span class=\"screen-reader-text\"> de &laquo;&nbsp;Logiciels, algorithmes et donn\u00e9es&nbsp;&raquo;<\/span><\/a><\/p>\n","protected":false},"author":1,"featured_media":0,"parent":0,"menu_order":0,"comment_status":"closed","ping_status":"open","template":"","meta":{"_s2mail":"yes","footnotes":""},"class_list":["post-387","page","type-page","status-publish","hentry"],"_links":{"self":[{"href":"http:\/\/www.sfpt.fr\/hyperspectral\/index.php?rest_route=\/wp\/v2\/pages\/387","targetHints":{"allow":["GET"]}}],"collection":[{"href":"http:\/\/www.sfpt.fr\/hyperspectral\/index.php?rest_route=\/wp\/v2\/pages"}],"about":[{"href":"http:\/\/www.sfpt.fr\/hyperspectral\/index.php?rest_route=\/wp\/v2\/types\/page"}],"author":[{"embeddable":true,"href":"http:\/\/www.sfpt.fr\/hyperspectral\/index.php?rest_route=\/wp\/v2\/users\/1"}],"replies":[{"embeddable":true,"href":"http:\/\/www.sfpt.fr\/hyperspectral\/index.php?rest_route=%2Fwp%2Fv2%2Fcomments&post=387"}],"version-history":[{"count":7,"href":"http:\/\/www.sfpt.fr\/hyperspectral\/index.php?rest_route=\/wp\/v2\/pages\/387\/revisions"}],"predecessor-version":[{"id":655,"href":"http:\/\/www.sfpt.fr\/hyperspectral\/index.php?rest_route=\/wp\/v2\/pages\/387\/revisions\/655"}],"wp:attachment":[{"href":"http:\/\/www.sfpt.fr\/hyperspectral\/index.php?rest_route=%2Fwp%2Fv2%2Fmedia&parent=387"}],"curies":[{"name":"wp","href":"https:\/\/api.w.org\/{rel}","templated":true}]}}