{"id":587,"date":"2013-07-02T10:20:14","date_gmt":"2013-07-02T09:20:14","guid":{"rendered":"http:\/\/www.sfpt.fr\/hyperspectral\/?page_id=587"},"modified":"2015-04-01T10:24:08","modified_gmt":"2015-04-01T09:24:08","slug":"activites-scientifiques-liees-au-projet","status":"publish","type":"page","link":"http:\/\/www.sfpt.fr\/hyperspectral\/?page_id=587","title":{"rendered":"Activit\u00e9s diverses"},"content":{"rendered":"<ul>\n<li>Liste des publications du Groupe de Mission Scientifique HYPXIM 2007-2014<\/li>\n<\/ul>\n<p><a href=\"http:\/\/www.sfpt.fr\/hyperspectral\/wp-content\/uploads\/2014\/04\/bibliographie-Hyper_GMS-HYPXIM.pdf\" target=\"_blank\">bibliographie Hyper_GMS HYPXIM.pdf<\/a><\/p>\n<ul>\n<li>Sondage sur l&#8217;int\u00e9r\u00eat de la mission spatiale HYPXIM<\/li>\n<\/ul>\n<p><a href=\"http:\/\/www.sfpt.fr\/hyperspectral\/wp-content\/uploads\/2013\/10\/Synth\u00e8se_Sondage_Octobre2013.pdf\" target=\"_blank\">Synth\u00e8se_Sondage_Octobre2013.pdf<\/a><\/p>\n<ul>\n<li>Publications li\u00e9es \u00e0 la mission HYPXIM<\/li>\n<\/ul>\n<p><a href=\"http:\/\/www.sfpt.fr\/hyperspectral\/wp-content\/uploads\/2015\/04\/SpatialResolutionSensitivity_HYPXIM_RSE_2015.pdf\" target=\"_blank\">SpatialResolutionSensitivity_HYPXIM_RSE_2015.pdf<\/a><\/p>\n","protected":false},"excerpt":{"rendered":"<p>Liste des publications du Groupe de Mission Scientifique HYPXIM 2007-2014 bibliographie Hyper_GMS HYPXIM.pdf Sondage sur l&#8217;int\u00e9r\u00eat de la mission spatiale HYPXIM Synth\u00e8se_Sondage_Octobre2013.pdf Publications li\u00e9es \u00e0 la mission HYPXIM SpatialResolutionSensitivity_HYPXIM_RSE_2015.pdf<\/p>\n","protected":false},"author":1,"featured_media":0,"parent":0,"menu_order":0,"comment_status":"closed","ping_status":"open","template":"","meta":{"_s2mail":"yes","footnotes":""},"class_list":["post-587","page","type-page","status-publish","hentry"],"_links":{"self":[{"href":"http:\/\/www.sfpt.fr\/hyperspectral\/index.php?rest_route=\/wp\/v2\/pages\/587","targetHints":{"allow":["GET"]}}],"collection":[{"href":"http:\/\/www.sfpt.fr\/hyperspectral\/index.php?rest_route=\/wp\/v2\/pages"}],"about":[{"href":"http:\/\/www.sfpt.fr\/hyperspectral\/index.php?rest_route=\/wp\/v2\/types\/page"}],"author":[{"embeddable":true,"href":"http:\/\/www.sfpt.fr\/hyperspectral\/index.php?rest_route=\/wp\/v2\/users\/1"}],"replies":[{"embeddable":true,"href":"http:\/\/www.sfpt.fr\/hyperspectral\/index.php?rest_route=%2Fwp%2Fv2%2Fcomments&post=587"}],"version-history":[{"count":9,"href":"http:\/\/www.sfpt.fr\/hyperspectral\/index.php?rest_route=\/wp\/v2\/pages\/587\/revisions"}],"predecessor-version":[{"id":1093,"href":"http:\/\/www.sfpt.fr\/hyperspectral\/index.php?rest_route=\/wp\/v2\/pages\/587\/revisions\/1093"}],"wp:attachment":[{"href":"http:\/\/www.sfpt.fr\/hyperspectral\/index.php?rest_route=%2Fwp%2Fv2%2Fmedia&parent=587"}],"curies":[{"name":"wp","href":"https:\/\/api.w.org\/{rel}","templated":true}]}}