{"id":1163,"date":"2015-12-03T17:50:47","date_gmt":"2015-12-03T16:50:47","guid":{"rendered":"http:\/\/www.sfpt.fr\/hyperspectral\/?page_id=1163"},"modified":"2016-04-20T16:27:19","modified_gmt":"2016-04-20T15:27:19","slug":"annonce-du-colloque","status":"publish","type":"page","link":"https:\/\/www.sfpt.fr\/hyperspectral\/?page_id=1163","title":{"rendered":"Annonce du colloque"},"content":{"rendered":"<p style=\"text-align: center;\"><a href=\"http:\/\/www.sfpt.fr\/hyperspectral\/wp-content\/uploads\/2016\/04\/SFPT-GH_footer.png\"><img loading=\"lazy\" decoding=\"async\" class=\"alignnone size-full wp-image-1244\" alt=\"SFPT-GH_footer\" src=\"http:\/\/www.sfpt.fr\/hyperspectral\/wp-content\/uploads\/2016\/04\/SFPT-GH_footer.png\" width=\"1885\" height=\"151\" srcset=\"https:\/\/www.sfpt.fr\/hyperspectral\/wp-content\/uploads\/2016\/04\/SFPT-GH_footer.png 1885w, https:\/\/www.sfpt.fr\/hyperspectral\/wp-content\/uploads\/2016\/04\/SFPT-GH_footer-300x24.png 300w, https:\/\/www.sfpt.fr\/hyperspectral\/wp-content\/uploads\/2016\/04\/SFPT-GH_footer-1024x82.png 1024w, https:\/\/www.sfpt.fr\/hyperspectral\/wp-content\/uploads\/2016\/04\/SFPT-GH_footer-624x49.png 624w\" sizes=\"auto, (max-width: 767px) 89vw, (max-width: 1000px) 54vw, (max-width: 1071px) 543px, 580px\" \/><\/a><\/p>\n<p style=\"text-align: center;\"><span style=\"text-decoration: underline;\"><strong>Pr\u00e9sentation<\/strong><\/span><\/p>\n<p>Le Groupe Hyperspectral de la Soci\u00e9t\u00e9 Fran\u00e7aise de Photogramm\u00e9trie et de T\u00e9l\u00e9d\u00e9tection (SFPT-GH) a pour but de f\u00e9d\u00e9rer la communaut\u00e9 hyperspectrale fran\u00e7aise, d\u2019assurer sa visibilit\u00e9 sur le plan international et de faciliter les \u00e9changes scientifiques. Les trois pr\u00e9c\u00e9dents colloques se sont tenus \u00e0 Paris, Toulouse et Porquerolles et ont r\u00e9uni plus de 80 participants.<\/p>\n<p>Le 4e colloque scientifique du groupe th\u00e9matique hyperspectral de la SFPT aura lieu \u00e0 Grenoble les 11-13 mai 2016 et portera sur des th\u00e8mes aussi vari\u00e9s que les g\u00e9osciences, la v\u00e9g\u00e9tation, les milieux littoraux et urbains, l\u2019atmosph\u00e8re, la plan\u00e9tologie, l\u2019instrumentation, les m\u00e9thodes de traitement, etc.<\/p>\n<p>Le 4e colloque sera compos\u00e9 de deux \u00e9v\u00e8nements\u00a0:<\/p>\n<ul>\n<li style=\"text-align: justify;\"><strong><span style=\"text-decoration: underline;\">11 mai<\/span><\/strong> : journ\u00e9e de formation sur des m\u00e9thodes de traitement d\u2019images hyperspectrales destin\u00e9e aux \u00e9tudiants et aux personnes int\u00e9ress\u00e9es, avec des ateliers.<\/li>\n<\/ul>\n<p style=\"padding-left: 30px;\">Programme pour la journ\u00e9e de formation :<\/p>\n<p style=\"padding-left: 60px;\">&#8211; <strong>Xavier Briottet<\/strong> (ONERA, France) : &#8220;Physique de la t\u00e9l\u00e9d\u00e9tection hyperspectrale et pr\u00e9-traitements&#8221; (ex. correction atmosph\u00e9rique des images) ;<\/p>\n<p style=\"padding-left: 60px;\">&#8211; <strong>Devis Tuia<\/strong> (Universit\u00e9 de Zurich, Suisse) : &#8220;Classification d&#8217;images hyperspectrales&#8221; ;<\/p>\n<style type=\"text\/css\"><!--\np { margin-bottom: 0.25cm; direction: ltr; color: rgb(0, 0, 10); line-height: 120%; text-align: justify; widows: 2; orphans: 2; }p.western { font-family: \"Times New Roman\",serif; font-size: 11pt; }p.cjk { font-family: \"Times New Roman\"; font-size: 11pt; }p.ctl { font-family: \"Times New Roman\"; font-size: 10pt; }a:link {  }\n--><\/style>\n<p style=\"padding-left: 60px;\">&#8211; <strong>Jose Bioucas-Dias<\/strong> (Universit\u00e9 de Lisbonne, Portugal) : &#8220;Probl\u00e8mes inverses appliqu\u00e9s \u00e0 l&#8217;analyse des donn\u00e9es : d\u00e9m\u00e9lange spectral et fusion de donn\u00e9es&#8221;.<\/p>\n<p style=\"padding-left: 30px;\">Pour chaque th\u00e8me, un premier temps sera d\u00e9di\u00e9 \u00e0 l&#8217;introduction des principaux concepts, formalismes et algorithmes. Dans un deuxi\u00e8me temps, l&#8217;accent sera mis sur l&#8217;utilisation pratique d&#8217;un outil en particulier, qui servira aussi d\u2019illustration.<\/p>\n<ul>\n<li style=\"text-align: justify;\"><strong><span style=\"text-decoration: underline;\">12-13 mai<\/span><\/strong> : workshop, o\u00f9 les participants pr\u00e9senteront leurs travaux sous forme de pr\u00e9sentations orales (format\u00a0: 20 minutes avec des questions) ou posters.<\/li>\n<\/ul>\n<p>Ce colloque abordera les avance\u0301es les plus re\u0301centes dans le domaine des capteurs, des me\u0301thodes et des algorithmes de traitement des donne\u0301es hyperspectrales. Les missions spatiales y seront e\u0301galement pre\u0301sente\u0301es. Enfin, le colloque doit favoriser de nouvelles collaborations \u00e0 travers le retour d\u2019exp\u00e9rience des participants.<\/p>\n<p>Les <strong>frais d&#8217;inscription<\/strong> au colloque ont \u00e9t\u00e9 mis \u00e0 jour et sont les suivants :<\/p>\n<ul>\n<li><strong>Tarif \u00e9tudiant<\/strong> : 50\u20ac (merci d&#8217;envoyer un justificatif \u00e0 <a href=\"mailto:sfpt-gh@gipsa-lab.fr\">sfpt-gh@gipsa-lab.fr<\/a>)<\/li>\n<li><strong>Tarif normal<\/strong> : 100\u20ac<\/li>\n<li><strong>Tarif exposant<\/strong> : 1000\u20ac (stand + 1 inscription au colloque)<\/li>\n<\/ul>\n<p>Les frais d\u2019inscription comprennent la participation \u00e0 la journ\u00e9e de formation du 11 mai et au colloque (12 et 13 mai), les pauses caf\u00e9, les repas du midi et le cocktail dinatoire avec conf\u00e9rence pr\u00e9vu pour le 12 mai au soir.<\/p>\n<p>Vous pouvez t\u00e9l\u00e9charger le flyer du colloque <a href=\"http:\/\/www.sfpt.fr\/hyperspectral\/wp-content\/uploads\/2016\/02\/flyer_colloque_SFPT-GH_2016.pdf\" target=\"_blank\">ici<\/a> (2\u00e8me annonce).<\/p>\n<p>Des bourses couvrant les frais d&#8217;inscriptions sont disponibles. La priorit\u00e9 est donn\u00e9e \u00e0 (dans l&#8217;ordre) doctorants, post-doctorants, personnels. Merci de contacter les organisateurs (<a href=\"mailto:mauro.dalla-mura@gipsa-lab.grenoble-inp.fr\">mauro.dalla-mura@gipsa-lab.grenoble-inp.fr<\/a> et <a href=\"mailto:sylvain.doute@obs.ujf-grenoble.fr\">sylvain.doute@obs.ujf-grenoble.fr<\/a>).<\/p>\n<p style=\"text-align: center;\"><span style=\"text-decoration: underline;\"><strong>Dates importantes<\/strong><\/span><\/p>\n<p><strong>Date limite d\u2019envoi<\/strong> des r\u00e9sum\u00e9s : 29\/02\/2016<\/p>\n<p><strong>Avis d\u2019acceptation<\/strong> des r\u00e9sum\u00e9s : 15\/03\/2016<\/p>\n<p><strong>Date limite d\u2019inscription<\/strong> : 30\/04\/2016<\/p>\n<p>Les r\u00e9sum\u00e9s sont \u00e0 envoyer par mail \u00e0\u00a0<a href=\"mailto:mauro.dalla-mura@gipsa-lab.grenoble-inp.fr\">mauro.dalla-mura@gipsa-lab.grenoble-inp.fr<\/a> et <a href=\"mailto:sylvain.doute@obs.ujf-grenoble.fr\">sylvain.doute@obs.ujf-grenoble.fr<\/a>.<\/p>\n<p><strong>Pour des soumissions tardives, merci de contacter les organisateurs.<\/strong><\/p>\n<p style=\"text-align: center;\"><strong><span style=\"text-decoration: underline;\">D\u00e9tails pratiques<\/span><br \/>\n<\/strong><\/p>\n<p style=\"text-align: justify;\">Toutes les informations pratiques ainsi que les modalit\u00e9s d&#8217;inscription sont disponibles <a href=\"http:\/\/www.sfpt.fr\/hyperspectral\/wp-content\/uploads\/2016\/04\/SFPT-GH_2016_info_v1.pdf\" target=\"_blank\">ici<\/a>.<\/p>\n<p style=\"text-align: justify;\">Une liste d&#8217;h\u00f4tels est disponible <a href=\"http:\/\/www.sfpt.fr\/hyperspectral\/wp-content\/uploads\/2016\/03\/SFPT-GH_2016_HOTELS.pdf\" target=\"_blank\">ici<\/a>.<\/p>\n<p style=\"text-align: center;\"><strong><span style=\"text-decoration: underline;\">Programme du colloque<\/span><\/strong><\/p>\n<p style=\"text-align: justify;\">Vous pouvez t\u00e9l\u00e9charger le programme du colloque <a href=\"http:\/\/www.sfpt.fr\/hyperspectral\/wp-content\/uploads\/2016\/04\/Programme_colloque_SFPT-GH_2016_v2.pdf\" target=\"_blank\">ici<\/a>.<\/p>\n<p style=\"text-align: center;\"><strong><span style=\"text-decoration: underline;\">Comit\u00e9 d&#8217;organisation<\/span><\/strong><\/p>\n<p>Les responsables de l&#8217;organisation de ce colloque sont : Mauro Dalla Mura (GIPSA-lab), Sylvain Dout\u00e9 (IPAG) et Jocelyn Chanussot (GIPSA-lab).<\/p>\n<p style=\"text-align: center;\"><strong><span style=\"text-decoration: underline;\">Comit\u00e9 scientifique<\/span><\/strong><\/p>\n<p>Les membres du comit\u00e9 scientifique sont : Xavier Briottet (ONERA), V\u00e9ronique Carr\u00e8re (LPG), Jocelyn Chanussot (GIPSA- Lab), Mauro Dalla Mura (GIPSA- Lab), Sylvain Dout\u00e9 (IPAG), St\u00e9phane Jacquemoud (IPGP) et Rodolphe Marion (CEA).<\/p>\n<p>Pour toute question concernant le colloque, veuillez contacter directement Maura Dalla Mura (<a href=\"mailto:mauro.dalla-mura@gipsa-lab.grenoble-inp.fr\">mauro.dalla-mura@gipsa-lab.grenoble-inp.fr<\/a>) et Sylvain Dout\u00e9 (<a href=\"mailto:sylvain.doute@obs.ujf-grenoble.fr\">sylvain.doute@obs.ujf-grenoble.fr<\/a>).<\/p>\n<style type=\"text\/css\"><!--\np { margin-bottom: 0.25cm; direction: ltr; line-height: 120%; text-align: justify; widows: 2; orphans: 2; }p.western { font-family: \"Times New Roman\",serif; font-size: 11pt; }p.cjk { font-family: \"Times New Roman\"; font-size: 11pt; }p.ctl { font-family: \"Times New Roman\"; font-size: 10pt; }\n--><\/style>\n","protected":false},"excerpt":{"rendered":"<p>Pr\u00e9sentation Le Groupe Hyperspectral de la Soci\u00e9t\u00e9 Fran\u00e7aise de Photogramm\u00e9trie et de T\u00e9l\u00e9d\u00e9tection (SFPT-GH) a pour but de f\u00e9d\u00e9rer la communaut\u00e9 hyperspectrale fran\u00e7aise, d\u2019assurer sa visibilit\u00e9 sur le plan international et de faciliter les \u00e9changes scientifiques. Les trois pr\u00e9c\u00e9dents colloques se sont tenus \u00e0 Paris, Toulouse et Porquerolles et ont r\u00e9uni plus de 80 participants. &hellip; <\/p>\n<p class=\"link-more\"><a href=\"https:\/\/www.sfpt.fr\/hyperspectral\/?page_id=1163\" class=\"more-link\">Continuer la lecture<span class=\"screen-reader-text\"> de &laquo;&nbsp;Annonce du colloque&nbsp;&raquo;<\/span><\/a><\/p>\n","protected":false},"author":1,"featured_media":0,"parent":0,"menu_order":0,"comment_status":"closed","ping_status":"open","template":"","meta":{"_s2mail":"yes","footnotes":""},"class_list":["post-1163","page","type-page","status-publish","hentry"],"_links":{"self":[{"href":"https:\/\/www.sfpt.fr\/hyperspectral\/index.php?rest_route=\/wp\/v2\/pages\/1163","targetHints":{"allow":["GET"]}}],"collection":[{"href":"https:\/\/www.sfpt.fr\/hyperspectral\/index.php?rest_route=\/wp\/v2\/pages"}],"about":[{"href":"https:\/\/www.sfpt.fr\/hyperspectral\/index.php?rest_route=\/wp\/v2\/types\/page"}],"author":[{"embeddable":true,"href":"https:\/\/www.sfpt.fr\/hyperspectral\/index.php?rest_route=\/wp\/v2\/users\/1"}],"replies":[{"embeddable":true,"href":"https:\/\/www.sfpt.fr\/hyperspectral\/index.php?rest_route=%2Fwp%2Fv2%2Fcomments&post=1163"}],"version-history":[{"count":23,"href":"https:\/\/www.sfpt.fr\/hyperspectral\/index.php?rest_route=\/wp\/v2\/pages\/1163\/revisions"}],"predecessor-version":[{"id":1167,"href":"https:\/\/www.sfpt.fr\/hyperspectral\/index.php?rest_route=\/wp\/v2\/pages\/1163\/revisions\/1167"}],"wp:attachment":[{"href":"https:\/\/www.sfpt.fr\/hyperspectral\/index.php?rest_route=%2Fwp%2Fv2%2Fmedia&parent=1163"}],"curies":[{"name":"wp","href":"https:\/\/api.w.org\/{rel}","templated":true}]}}