{"id":1515,"date":"2018-01-12T19:07:38","date_gmt":"2018-01-12T18:07:38","guid":{"rendered":"http:\/\/www.sfpt.fr\/hyperspectral\/?page_id=1515"},"modified":"2019-11-15T21:05:09","modified_gmt":"2019-11-15T20:05:09","slug":"programme-presentations-et-posters","status":"publish","type":"page","link":"https:\/\/www.sfpt.fr\/hyperspectral\/?page_id=1515","title":{"rendered":"BREST 2017: Programme &#038; pr\u00e9sentations"},"content":{"rendered":"<p>Vous trouverez ci-dessous le programme ainsi que les pr\u00e9sentations orales et les posters pr\u00e9sent\u00e9s lors du colloque. Vous pouvez \u00e9galement t\u00e9l\u00e9charger ici :<\/p>\n<ul>\n<li><a href=\"http:\/\/www.sfpt.fr\/hyperspectral\/wp-content\/uploads\/2018\/01\/SFPT-GH-2017-ActesColloque.pdf\">les actes du colloque<\/a><\/li>\n<li><a href=\"http:\/\/www.sfpt.fr\/hyperspectral\/wp-content\/uploads\/2018\/01\/Bajjouk_SFPT-GH_Brest_2017_Bilan.pdf\">le bilan du colloque<\/a><\/li>\n<li>La photos des Gentils Participants <a href=\"http:\/\/www.sfpt.fr\/hyperspectral\/wp-content\/uploads\/2018\/01\/SFPT_GH_Brest_2017.jpg\"><img loading=\"lazy\" decoding=\"async\" class=\"size-full wp-image-1518 aligncenter\" src=\"http:\/\/www.sfpt.fr\/hyperspectral\/wp-content\/uploads\/2018\/01\/SFPT_GH_Brest_2017.jpg\" alt=\"\" width=\"6085\" height=\"4061\" srcset=\"https:\/\/www.sfpt.fr\/hyperspectral\/wp-content\/uploads\/2018\/01\/SFPT_GH_Brest_2017.jpg 6085w, https:\/\/www.sfpt.fr\/hyperspectral\/wp-content\/uploads\/2018\/01\/SFPT_GH_Brest_2017-300x200.jpg 300w, https:\/\/www.sfpt.fr\/hyperspectral\/wp-content\/uploads\/2018\/01\/SFPT_GH_Brest_2017-768x513.jpg 768w, https:\/\/www.sfpt.fr\/hyperspectral\/wp-content\/uploads\/2018\/01\/SFPT_GH_Brest_2017-1024x683.jpg 1024w\" sizes=\"auto, (max-width: 767px) 89vw, (max-width: 1000px) 54vw, (max-width: 1071px) 543px, 580px\" \/><\/a><\/li>\n<\/ul>\n<p style=\"text-align: center;\"><strong>MARDI 9 MAI 2017<\/strong><\/p>\n<p><strong>INTRODUCTION \u2013 INFORMATIONS<\/strong><\/p>\n<p>12:30 <strong>ACCUEIL<\/strong><\/p>\n<p>14:00 <strong>Ouverture de la conf\u00e9rence<\/strong><\/p>\n<p>14:15 <strong>Mot d\u2019accueil par J\u00e9r\u00f4me Paillet (Ifremer\/ODE), Patrick Farcy (Ifremer\/DS), Christophe Delacourt (UBO\/LGO)<\/strong><\/p>\n<p>14:45 <strong>Informations g\u00e9n\u00e9rales Touria Bajjouk (Ifremer)<\/strong><\/p>\n<p>14:55 <strong>Pr\u00e9sentation du Groupe Hyperspectral de la SFPT par Rodolphe Marion (CEA, Arpajon)<\/strong> <a href=\"http:\/\/www.sfpt.fr\/hyperspectral\/wp-content\/uploads\/2018\/01\/Marion_SFPT-GH_Brest2017.pdf\">PDF<\/a><\/p>\n<p>&nbsp;<\/p>\n<p style=\"text-align: center;\"><strong><span style=\"color: #ff0000;\">Session 1 (15:10 \u2013 16:00) Missions hyperspectrales spatiales<\/span><\/strong><\/p>\n<p style=\"text-align: center;\">Pr\u00e9sidente : V\u00e9ronique Carr\u00e8re (LPG-Universit\u00e9 de Nantes)<\/p>\n<p>M-J Lef\u00e8vre-Fonollosa&nbsp;: <strong>Overview of European future hyperspectral missions<\/strong> <a href=\"http:\/\/www.sfpt.fr\/hyperspectral\/wp-content\/uploads\/2018\/01\/Lefevre_PERSPECTIVES-HYPER-BREST-2017.pdf\">PDF<\/a><\/p>\n<p>X Briottet : <strong>European Hyperspectral Explorer: HYPEX-2 \u2013 A new space mission for monitoring anthropogenic influence on the critical zone<\/strong> <a href=\"http:\/\/www.sfpt.fr\/hyperspectral\/wp-content\/uploads\/2018\/01\/Briottet_HYPEX-2-SFPT-2017.pdf\">PDF<\/a><\/p>\n<p><span style=\"color: #000000;\"><strong>16:20 Pause caf\u00e9<\/strong><\/span><\/p>\n<p>&nbsp;<\/p>\n<p style=\"text-align: center;\"><span style=\"color: #ff0000;\"><strong>Session 2 (16:30 \u2013 18:15) D\u00e9veloppements instrumentaux<\/strong><\/span><\/p>\n<p style=\"text-align: center;\">Pr\u00e9sident&nbsp;: Josias Lef\u00e8vre (IETR\/TSI2M Lannion)<\/p>\n<p>S Mathieu&nbsp;: <strong>Les performances des instruments optiques Sentinel 3 : OLCI et SLSTR<\/strong> <a href=\"http:\/\/www.sfpt.fr\/hyperspectral\/wp-content\/uploads\/2018\/01\/1_Mathieu_ConferenceSFPTHBrest2017_V2.pdf\">PDF<\/a><\/p>\n<p>Y Ferrec&nbsp;: <strong>D\u00e9veloppements instrumentaux \u00e0 l\u2019ONERA pour l\u2019imagerie hyperspectrale infrarouge<\/strong> <a href=\"http:\/\/www.sfpt.fr\/hyperspectral\/wp-content\/uploads\/2018\/01\/2_Ferrec_2017_05_09_Developpements_instrumentaux_a_l_Onera_pour_l_imagerie_hyperspectrale_infrarouge.pdf\">PDF<\/a><\/p>\n<p>M Jaud&nbsp;: <strong>D\u00e9veloppement d\u2019un syst\u00e8me d\u2019imagerie hyperspectrale par drone<\/strong> <a href=\"http:\/\/www.sfpt.fr\/hyperspectral\/wp-content\/uploads\/2018\/01\/3_Jaud_ColloqueSFPT-GH_DroneHyper.pdf\">PDF<\/a><\/p>\n<p>M Clochey : <strong>HySpex Mjolnir-1024 \u2013 the first scientific grade hyperspectral camera for UAVs<\/strong> <a href=\"http:\/\/www.sfpt.fr\/hyperspectral\/wp-content\/uploads\/2018\/01\/4_Paluchowski_HySpex_Mjolnir_090517_IFREMER.pdf\">PDF<\/a><\/p>\n<p><strong>18 : 15 COCKTAIL DINATOIRE DE BIENVENUE<\/strong><\/p>\n<p>&nbsp;<\/p>\n<p style=\"text-align: center;\"><span style=\"color: #000000;\"><strong>MERCREDI 10 MAI 2017<\/strong><\/span><\/p>\n<p style=\"text-align: center;\"><span style=\"color: #ff0000;\"><strong>Session 3 (8:45 \u2013 9:30) M\u00e9thodes (Atmosph\u00e8re)<\/strong><\/span><\/p>\n<p style=\"text-align: center;\"><span style=\"color: #000000;\">Pr\u00e9sident&nbsp;: Xavier Briottet (ONERA)<\/span><\/p>\n<p>Y Philippets : <strong>Hyperspectral remote sensing for detection and identification of industrial aerosol plumes with a Cluster-Tuned Matched Filter<\/strong> <a href=\"http:\/\/www.sfpt.fr\/hyperspectral\/wp-content\/uploads\/2018\/01\/Philippets_SFPT-GH2017_PPT.pdf\">PDF<\/a><\/p>\n<p>G Roussel : <strong>Comparison of two atmospheric correction methods for the classification of spaceborne urban hyperspectral data depending on the spatial resolution <\/strong><a href=\"http:\/\/www.sfpt.fr\/hyperspectral\/wp-content\/uploads\/2018\/01\/Roussel_SFPT-GH_2017_HYEP.pdf\">PDF<\/a><strong><br \/>\n<\/strong><\/p>\n<p>&nbsp;<\/p>\n<p style=\"text-align: center;\"><strong><span style=\"color: #ff0000;\">Session 4 (9:35 \u2013 10:50) M\u00e9thodes (mod\u00e8les de m\u00e9lange, classification orient\u00e9e objet, reconnaissance)<\/span><\/strong><\/p>\n<p style=\"text-align: center;\">Pr\u00e9sident&nbsp;: Mauro Dalla Mura (GIPSA-Lab Grenoble)<\/p>\n<p>M Dalla Mura : <strong>Using time series to improve endmembers estimation on multispectral images for snow monitoring<\/strong> <a href=\"http:\/\/www.sfpt.fr\/hyperspectral\/wp-content\/uploads\/2018\/01\/Dalla_Mura_SFPT_GH_2017.pdf\">PDF<\/a><\/p>\n<p>R Aguejdada&nbsp;: <strong>Extraction des surfaces imperm\u00e9ables \u00e0 partir d\u2019une image hyperspectrale en utilisant une m\u00e9thode orient\u00e9e-objet<\/strong> <a href=\"http:\/\/www.sfpt.fr\/hyperspectral\/wp-content\/uploads\/2018\/01\/Aguejdad_SFPT-GH_2017.pdf\">PDF<\/a><\/p>\n<p>M Belahcene&nbsp;: <strong>Reconnaissance de visage en biom\u00e9trie<\/strong> PDF<\/p>\n<p><strong>10:50 PAUSE CAF\u00c9<\/strong><\/p>\n<p style=\"text-align: center;\"><span style=\"color: #ff0000;\"><strong>Session 5 (11:20 \u2013 13:00) M\u00e9thodes (fusion des donn\u00e9es)<\/strong><\/span><\/p>\n<p style=\"text-align: center;\">Pr\u00e9sident&nbsp;: Marc Lennon (Hytech Imaging)<\/p>\n<p>A Minghelli&nbsp;: <strong>Etude de la compl\u00e9mentarit\u00e9 et de la fusion des images qui seront fournies par les futurs capteurs satellitaires OLCI\/Sentinel 3 et FCI\/Meteosat Troisi\u00e8me G\u00e9n\u00e9ration<\/strong> <a href=\"http:\/\/www.sfpt.fr\/hyperspectral\/wp-content\/uploads\/2018\/01\/Minghelli_Fusion-MTG-OLCI.pdf\">PDF<\/a><\/p>\n<p>A Le Bris&nbsp;: <strong>Fusion de classifications pour l\u2019utilisation conjointe d\u2019images multispectrales \u00e0 tr\u00e8s haute r\u00e9solution spatiale et hyperspectrale<\/strong> <a href=\"http:\/\/www.sfpt.fr\/hyperspectral\/wp-content\/uploads\/2018\/01\/Le_Bris_Presentation.pdf\">PDF<\/a><\/p>\n<p>S May&nbsp;: <strong>Panorama des m\u00e9thodes de pan-sharpening pour les images hyperspectrales<\/strong> <a href=\"http:\/\/www.sfpt.fr\/hyperspectral\/wp-content\/uploads\/2018\/01\/May_panorama_pansharpening.pdf\">PDF<\/a><\/p>\n<p>M Dalla Mura : <strong>Collaborative total variation for hyperspectral pansharpening<\/strong> <a href=\"http:\/\/www.sfpt.fr\/hyperspectral\/wp-content\/uploads\/2018\/01\/Dalla_Mura_hsi_ps-1.pdf\">PDF<\/a><\/p>\n<p style=\"text-align: left;\"><strong>13:00 PAUSE D\u00c9JEUNER AU RESTAURANT D\u2019IFREMER<\/strong><\/p>\n<p>&nbsp;<\/p>\n<p style=\"text-align: center;\"><span style=\"color: #ff0000;\"><strong>Session 6 (14:15 \u2013 15:50) Milieux littoraux<\/strong><\/span><\/p>\n<p style=\"text-align: center;\">Pr\u00e9sidente : Touria Bajjouk (Ifremer)<\/p>\n<p>P Launeau&nbsp;: <strong>Mod\u00e8le optiques du microphytobenthos (MPBOM) : ind\u00e9pendance d\u2019\u00e9chelle et traitement de l\u2019information pigmentaires<\/strong> <a href=\"http:\/\/www.sfpt.fr\/hyperspectral\/wp-content\/uploads\/2018\/01\/1_Launeau_MPBOM-SFPT-GH-2017.pdf\">PDF<\/a><\/p>\n<p>V M\u00e9l\u00e9der&nbsp;: <strong>Cartographie du taux de transfert des \u00e9lectrons (ETR), proxy de la production primaire du microphytobenthos des vasi\u00e8res intertidales par t\u00e9l\u00e9d\u00e9tection hyperspectrale<\/strong> <a href=\"http:\/\/www.sfpt.fr\/hyperspectral\/wp-content\/uploads\/2018\/01\/2_M\u00e9l\u00e9der_Hyperspectral2017.pdf\">PDF<\/a><\/p>\n<p>T Androuin : <strong>Hypoth\u00e8se de \u00ab gardening \u00bb associ\u00e9e \u00e0 l\u2019esp\u00e8ce ing\u00e9nieur Crepidula fornicata<\/strong> <a href=\"http:\/\/www.sfpt.fr\/hyperspectral\/wp-content\/uploads\/2018\/01\/3_Androuin_SFPT.pdf\">PDF<\/a><\/p>\n<p>A Minghelli&nbsp;: <strong>Apport des images HR multi et hyperspectrales pour des applications \u00ab couleur de l\u2019eau \u00bb en milieu c\u00f4tier<\/strong> PDF<\/p>\n<p><strong>15:55 PAUSE CAFE<\/strong><\/p>\n<p>&nbsp;<\/p>\n<p style=\"text-align: center;\"><span style=\"color: #ff0000;\"><strong>Session 7 (16:30 \u2013 17:50) Incertitudes et sensibilit\u00e9 des mod\u00e8les en milieu marin<\/strong><\/span><\/p>\n<p style=\"text-align: center;\">Pr\u00e9sidente : Audrey Minghelli (LSIS\/Univ. Toulon)<\/p>\n<p>S Jay&nbsp;: <strong>Etude des bornes de Cramer-Rao pour la caract\u00e9risation des incertitudes associ\u00e9es aux produits de t\u00e9l\u00e9d\u00e9tection hyperspectrale des oc\u00e9ans<\/strong> <a href=\"http:\/\/www.sfpt.fr\/hyperspectral\/wp-content\/uploads\/2018\/01\/Jay_sfptgh_water_2.pdf\">PDF<\/a><\/p>\n<p>T Petit: <strong>Hyperspectral remote sensing of coral reefs &#8211; Sensitivity analysis of a shallow water inverse model<\/strong> <a href=\"http:\/\/www.sfpt.fr\/hyperspectral\/wp-content\/uploads\/2018\/01\/Petit_sfpt-gh-2017.pdf\">PDF<\/a><\/p>\n<p>M Lennon&nbsp;: <strong>Bathym\u00e9trie hyperspectrale a\u00e9roport\u00e9e : approches pour l\u2019\u00e9valuation des performances<\/strong> <a href=\"http:\/\/www.sfpt.fr\/hyperspectral\/wp-content\/uploads\/2018\/01\/Lennon_Hytech-SFPT-GH-2017.pdf\">PDF<\/a><\/p>\n<p><strong>20:00 DINER DE GALA (CENTRE VILLE DE BREST)<\/strong><\/p>\n<p>&nbsp;<\/p>\n<p style=\"text-align: center;\"><strong>JEUDI 11 MAI 2017<\/strong><\/p>\n<p style=\"text-align: center;\"><span style=\"color: #ff0000;\"><strong>Session 8 (9:00 \u2013 10:40) Ecologie et physiologie des plantes<\/strong><\/span><\/p>\n<p style=\"text-align: center;\">Pr\u00e9sident : Jean-Baptiste F\u00e9ret (Irstea-TETIS)<\/p>\n<p>F Guttler: <strong>Using leaf reflectance measurements to assess the potential of UAV multispectral sensors to detect the Flavescence dor\u00e9e grapevine disease in red and white cultivars<\/strong> <a href=\"http:\/\/www.sfpt.fr\/hyperspectral\/wp-content\/uploads\/2018\/01\/Guttler_Volet_hyperspec.pdf\">PDF<\/a><\/p>\n<p>M Nouri:<strong> Early detection of the fungal disease &#8220;apple scab&#8221; using hyperspectral imaging<\/strong> <a href=\"http:\/\/www.sfpt.fr\/hyperspectral\/wp-content\/uploads\/2018\/01\/Maroua_Nouri_SFPT-GH_Brest.pdf\">PDF<\/a><\/p>\n<p>Y Es-saady : <strong>D\u00e9tection pr\u00e9coce des maladies des plantes par la technique d\u2019imagerie hyperspectrale : un \u00e9tat d\u2019art<\/strong> <a href=\"http:\/\/www.sfpt.fr\/hyperspectral\/wp-content\/uploads\/2018\/01\/Essaady_SFPT-GH.pdf\">PDF<\/a><\/p>\n<p>M Fauvel&nbsp;: <strong>Estimation des services \u00e9cosyst\u00e9miques par t\u00e9l\u00e9d\u00e9tection hyperspectrale et LiDar a\u00e9roport\u00e9<\/strong> <a href=\"http:\/\/www.sfpt.fr\/hyperspectral\/wp-content\/uploads\/2018\/01\/Fauvel_es_SFPT_GH.pdf\">PDF<\/a><\/p>\n<p>&nbsp;<\/p>\n<p style=\"text-align: center;\"><strong><span style=\"color: #ff0000;\">Session 9 (11:10 \u2013 12:25) Cartographie des sols et de la v\u00e9g\u00e9tation<\/span><\/strong><\/p>\n<p style=\"text-align: center;\">Pr\u00e9sidente : C\u00e9cile Gomez (IRD-LISAH)<\/p>\n<p>C Gomez&nbsp;: <strong>Cartographie du taux d\u2019argile des sols par transfert de mod\u00e8les de pr\u00e9diction de laboratoire vers des donn\u00e9es a\u00e9roport\u00e9es Vis-PIR<\/strong> <a href=\"http:\/\/www.sfpt.fr\/hyperspectral\/wp-content\/uploads\/2018\/01\/Goretta_Oral_SFTH_Mai2017.pdf\">PDF<\/a><\/p>\n<p>M Fauvel&nbsp;: <strong>Evaluation de la biodiversit\u00e9 des prairies semi-naturelles par t\u00e9l\u00e9d\u00e9tection hyperspectrale<\/strong> <a href=\"http:\/\/www.sfpt.fr\/hyperspectral\/wp-content\/uploads\/2018\/01\/Fauvel_grasslands.pdf\">PDF<\/a><\/p>\n<p>J-B F\u00e9ret&nbsp;: <strong>Estimation de la biodiversit\u00e9 des for\u00eats tropicales par imagerie hyperspectrale: avanc\u00e9es du projet HyperTropik<\/strong> <a href=\"http:\/\/www.sfpt.fr\/hyperspectral\/wp-content\/uploads\/2018\/01\/Feret_SFPT_GH_2017.pdf\">PDF<\/a><\/p>\n<p>&nbsp;<\/p>\n<p><strong>12:25 Synth\u00e8se et cl\u00f4ture du colloque<\/strong><\/p>\n<p>Jacques Populus (Ifremer), Rodolphe Marion\/V\u00e9ronique Carr\u00e8re (SFPT-GH)<\/p>\n<p>&nbsp;<\/p>\n<p><strong>13:00 DEJEUNER AU RESTAURANT D\u2019IFREMER<\/strong><\/p>\n","protected":false},"excerpt":{"rendered":"<p>Vous trouverez ci-dessous le programme ainsi que les pr\u00e9sentations orales et les posters pr\u00e9sent\u00e9s lors du colloque. Vous pouvez \u00e9galement t\u00e9l\u00e9charger ici : les actes du colloque le bilan du colloque La photos des Gentils Participants MARDI 9 MAI 2017 INTRODUCTION \u2013 INFORMATIONS 12:30 ACCUEIL 14:00 Ouverture de la conf\u00e9rence 14:15 Mot d\u2019accueil par J\u00e9r\u00f4me &hellip; <\/p>\n<p class=\"link-more\"><a href=\"https:\/\/www.sfpt.fr\/hyperspectral\/?page_id=1515\" class=\"more-link\">Continuer la lecture<span class=\"screen-reader-text\"> de &laquo;&nbsp;BREST 2017: Programme &#038; pr\u00e9sentations&nbsp;&raquo;<\/span><\/a><\/p>\n","protected":false},"author":1,"featured_media":0,"parent":1398,"menu_order":0,"comment_status":"closed","ping_status":"closed","template":"","meta":{"_s2mail":"","footnotes":""},"class_list":["post-1515","page","type-page","status-publish","hentry"],"_links":{"self":[{"href":"https:\/\/www.sfpt.fr\/hyperspectral\/index.php?rest_route=\/wp\/v2\/pages\/1515","targetHints":{"allow":["GET"]}}],"collection":[{"href":"https:\/\/www.sfpt.fr\/hyperspectral\/index.php?rest_route=\/wp\/v2\/pages"}],"about":[{"href":"https:\/\/www.sfpt.fr\/hyperspectral\/index.php?rest_route=\/wp\/v2\/types\/page"}],"author":[{"embeddable":true,"href":"https:\/\/www.sfpt.fr\/hyperspectral\/index.php?rest_route=\/wp\/v2\/users\/1"}],"replies":[{"embeddable":true,"href":"https:\/\/www.sfpt.fr\/hyperspectral\/index.php?rest_route=%2Fwp%2Fv2%2Fcomments&post=1515"}],"version-history":[{"count":6,"href":"https:\/\/www.sfpt.fr\/hyperspectral\/index.php?rest_route=\/wp\/v2\/pages\/1515\/revisions"}],"predecessor-version":[{"id":1705,"href":"https:\/\/www.sfpt.fr\/hyperspectral\/index.php?rest_route=\/wp\/v2\/pages\/1515\/revisions\/1705"}],"up":[{"embeddable":true,"href":"https:\/\/www.sfpt.fr\/hyperspectral\/index.php?rest_route=\/wp\/v2\/pages\/1398"}],"wp:attachment":[{"href":"https:\/\/www.sfpt.fr\/hyperspectral\/index.php?rest_route=%2Fwp%2Fv2%2Fmedia&parent=1515"}],"curies":[{"name":"wp","href":"https:\/\/api.w.org\/{rel}","templated":true}]}}