{"id":20,"date":"2013-01-17T14:56:06","date_gmt":"2013-01-17T13:56:06","guid":{"rendered":"http:\/\/www.sfpt.fr\/hyperspectral\/?page_id=20"},"modified":"2013-07-02T10:09:35","modified_gmt":"2013-07-02T09:09:35","slug":"partenaires","status":"publish","type":"page","link":"https:\/\/www.sfpt.fr\/hyperspectral\/?page_id=20","title":{"rendered":"Historique"},"content":{"rendered":"<p style=\"text-align: justify;\">Suite au s\u00e9minaire de prospective scientifique de 2004, le CNES a mandat\u00e9 un groupe de 20 experts (Groupe de Synth\u00e8se Hyperspectral, GSH) pour analyser l\u2019int\u00e9r\u00eat d\u2019un instrument hyperspectral dans les domaines de la Science et de la D\u00e9fense.<\/p>\n<p style=\"text-align: justify;\">En 2007-2008, le GSH a permis, au-del\u00e0 des analyses scientifiques fournies et des recommandations formul\u00e9es, de faire travailler scientifiques et personnels de la D\u00e9fense autour d\u2019un m\u00eame projet, confirmant l\u2019int\u00e9r\u00eat d\u2019un instrument dual, le projet de satellite hyperspectral fran\u00e7ais HYPXIM. Ce groupe a montr\u00e9 l\u2019existence d\u2019une communaut\u00e9 nationale d\u2019utilisateurs importante et bien positionn\u00e9e au niveau international en termes de publications scientifiques (3\u00e8me rang sur la p\u00e9riode 1998-2008).<\/p>\n<p style=\"text-align: justify;\">Un effort important de structuration de la communaut\u00e9 a depuis \u00e9t\u00e9 conduit avec la cr\u00e9ation de la SFTH (Soci\u00e9t\u00e9 Fran\u00e7aise de T\u00e9l\u00e9d\u00e9tection Hyperspectrale), devenue depuis fin 2012 le groupe th\u00e9matique Imagerie hyperspectrale de la SFPT (Soci\u00e9t\u00e9 Fran\u00e7aise de Photogramm\u00e9trie et T\u00e9l\u00e9d\u00e9tection). La communaut\u00e9 s\u2019est alors dot\u00e9e de ce site internet permettant la diffusion d\u2019informations vers les utilisateurs.<\/p>\n<p style=\"text-align: justify;\">L\u2019activit\u00e9 d\u2019animation du groupe hyperspectral est marqu\u00e9e par l\u2019organisation de deux colloques nationaux \u00e0 Paris en 2011 (environ 80 participants) et \u00e0 Toulouse en 2012 (environ 85 participants). Une \u00e9cole d\u2019\u00e9t\u00e9 limit\u00e9e \u00e0 30 inscrits a \u00e9galement \u00e9t\u00e9 organis\u00e9e \u00e0 Toulouse \u00e0 la suite du deuxi\u00e8me colloque. Ces manifestations se poursuivront dans le futur, en particulier en 2014 avec l\u2019organisation d\u2019un nouveau colloque national.<\/p>\n","protected":false},"excerpt":{"rendered":"<p>Suite au s\u00e9minaire de prospective scientifique de 2004, le CNES a mandat\u00e9 un groupe de 20 experts (Groupe de Synth\u00e8se Hyperspectral, GSH) pour analyser l\u2019int\u00e9r\u00eat d\u2019un instrument hyperspectral dans les domaines de la Science et de la D\u00e9fense. En 2007-2008, le GSH a permis, au-del\u00e0 des analyses scientifiques fournies et des recommandations formul\u00e9es, de faire &hellip; <\/p>\n<p class=\"link-more\"><a href=\"https:\/\/www.sfpt.fr\/hyperspectral\/?page_id=20\" class=\"more-link\">Continuer la lecture<span class=\"screen-reader-text\"> de &laquo;&nbsp;Historique&nbsp;&raquo;<\/span><\/a><\/p>\n","protected":false},"author":1,"featured_media":0,"parent":0,"menu_order":0,"comment_status":"closed","ping_status":"open","template":"","meta":{"_s2mail":"yes","footnotes":""},"class_list":["post-20","page","type-page","status-publish","hentry"],"_links":{"self":[{"href":"https:\/\/www.sfpt.fr\/hyperspectral\/index.php?rest_route=\/wp\/v2\/pages\/20","targetHints":{"allow":["GET"]}}],"collection":[{"href":"https:\/\/www.sfpt.fr\/hyperspectral\/index.php?rest_route=\/wp\/v2\/pages"}],"about":[{"href":"https:\/\/www.sfpt.fr\/hyperspectral\/index.php?rest_route=\/wp\/v2\/types\/page"}],"author":[{"embeddable":true,"href":"https:\/\/www.sfpt.fr\/hyperspectral\/index.php?rest_route=\/wp\/v2\/users\/1"}],"replies":[{"embeddable":true,"href":"https:\/\/www.sfpt.fr\/hyperspectral\/index.php?rest_route=%2Fwp%2Fv2%2Fcomments&post=20"}],"version-history":[{"count":10,"href":"https:\/\/www.sfpt.fr\/hyperspectral\/index.php?rest_route=\/wp\/v2\/pages\/20\/revisions"}],"predecessor-version":[{"id":581,"href":"https:\/\/www.sfpt.fr\/hyperspectral\/index.php?rest_route=\/wp\/v2\/pages\/20\/revisions\/581"}],"wp:attachment":[{"href":"https:\/\/www.sfpt.fr\/hyperspectral\/index.php?rest_route=%2Fwp%2Fv2%2Fmedia&parent=20"}],"curies":[{"name":"wp","href":"https:\/\/api.w.org\/{rel}","templated":true}]}}