{"id":29,"date":"2013-01-17T15:06:17","date_gmt":"2013-01-17T14:06:17","guid":{"rendered":"http:\/\/www.sfpt.fr\/hyperspectral\/?page_id=29"},"modified":"2013-03-28T16:51:37","modified_gmt":"2013-03-28T15:51:37","slug":"le-groupe-thematique-hyperspectral-au-sein-de-la-sfpt","status":"publish","type":"page","link":"https:\/\/www.sfpt.fr\/hyperspectral\/?page_id=29","title":{"rendered":"Groupe Hyperspectral de la SFPT (SFPT-GH)"},"content":{"rendered":"<p style=\"text-align: justify;\">Le Groupe Hyperspectral de la SFPT (SFPT-GH) a pour but :<\/p>\n<ul style=\"text-align: justify;\">\n<li>de f\u00e9d\u00e9rer la communaut\u00e9 nationale impliqu\u00e9e dans la t\u00e9l\u00e9d\u00e9tection hyperspectrale par a\u00e9ronef, satellite et mesures terrain,<\/li>\n<li>de favoriser la mise en relation des utilisateurs de donn\u00e9es hyperspectrales,<\/li>\n<li>de promouvoir la mise en place de moyens d\u2019acquisition d\u2019imagerie hyperspectrale,<\/li>\n<li>d&#8217;animer, de sensibiliser et de former les utilisateurs potentiels (organiser des ateliers de formations, des \u00e9coles d\u2019\u00e9t\u00e9, etc.)<\/li>\n<li>d&#8217;identifier et d&#8217;exprimer les besoins scientifiques ; d&#8217;\u00e9valuer l\u2019apport de l\u2019hyperspectral \u00e0 r\u00e9pondre \u00e0 ces besoins,<\/li>\n<li>d&#8217;apporter une expertise scientifique aux techniques hyperspectrales,<\/li>\n<li>de f\u00e9d\u00e9rer les besoins et les moyens pour des campagnes de validation de concepts,<\/li>\n<li>et plus g\u00e9n\u00e9ralement, de favoriser le d\u00e9veloppement de l&#8217;hyperspectral.<\/li>\n<\/ul>\n<p style=\"text-align: justify;\">Les responsables de ce groupe sont V\u00e9ronique Carr\u00e8re, Xavier Briottet, St\u00e9phane Jacquemoud, Jocelyn Chanussot et Rodolphe Marion.<\/p>\n<p style=\"text-align: justify;\">Si vous souhaitez participer \u00e0 l&#8217;animation et\/ou \u00e0 l&#8217;organisation de notre communaut\u00e9, contactez-nous (<a href=\"mailto:hyperspectral@sfpt.fr\">hyperspectral@sfpt.fr<\/a>).<\/p>\n","protected":false},"excerpt":{"rendered":"<p>Le Groupe Hyperspectral de la SFPT (SFPT-GH) a pour but : de f\u00e9d\u00e9rer la communaut\u00e9 nationale impliqu\u00e9e dans la t\u00e9l\u00e9d\u00e9tection hyperspectrale par a\u00e9ronef, satellite et mesures terrain, de favoriser la mise en relation des utilisateurs de donn\u00e9es hyperspectrales, de promouvoir la mise en place de moyens d\u2019acquisition d\u2019imagerie hyperspectrale, d&#8217;animer, de sensibiliser et de former &hellip; <\/p>\n<p class=\"link-more\"><a href=\"https:\/\/www.sfpt.fr\/hyperspectral\/?page_id=29\" class=\"more-link\">Continuer la lecture<span class=\"screen-reader-text\"> de &laquo;&nbsp;Groupe Hyperspectral de la SFPT (SFPT-GH)&nbsp;&raquo;<\/span><\/a><\/p>\n","protected":false},"author":1,"featured_media":0,"parent":0,"menu_order":0,"comment_status":"closed","ping_status":"open","template":"","meta":{"_s2mail":"yes","footnotes":""},"class_list":["post-29","page","type-page","status-publish","hentry"],"_links":{"self":[{"href":"https:\/\/www.sfpt.fr\/hyperspectral\/index.php?rest_route=\/wp\/v2\/pages\/29","targetHints":{"allow":["GET"]}}],"collection":[{"href":"https:\/\/www.sfpt.fr\/hyperspectral\/index.php?rest_route=\/wp\/v2\/pages"}],"about":[{"href":"https:\/\/www.sfpt.fr\/hyperspectral\/index.php?rest_route=\/wp\/v2\/types\/page"}],"author":[{"embeddable":true,"href":"https:\/\/www.sfpt.fr\/hyperspectral\/index.php?rest_route=\/wp\/v2\/users\/1"}],"replies":[{"embeddable":true,"href":"https:\/\/www.sfpt.fr\/hyperspectral\/index.php?rest_route=%2Fwp%2Fv2%2Fcomments&post=29"}],"version-history":[{"count":11,"href":"https:\/\/www.sfpt.fr\/hyperspectral\/index.php?rest_route=\/wp\/v2\/pages\/29\/revisions"}],"predecessor-version":[{"id":59,"href":"https:\/\/www.sfpt.fr\/hyperspectral\/index.php?rest_route=\/wp\/v2\/pages\/29\/revisions\/59"}],"wp:attachment":[{"href":"https:\/\/www.sfpt.fr\/hyperspectral\/index.php?rest_route=%2Fwp%2Fv2%2Fmedia&parent=29"}],"curies":[{"name":"wp","href":"https:\/\/api.w.org\/{rel}","templated":true}]}}