{"id":38,"date":"2013-01-17T15:09:29","date_gmt":"2013-01-17T14:09:29","guid":{"rendered":"http:\/\/www.sfpt.fr\/hyperspectral\/?page_id=38"},"modified":"2024-12-19T16:53:13","modified_gmt":"2024-12-19T15:53:13","slug":"nous-contacter","status":"publish","type":"page","link":"https:\/\/www.sfpt.fr\/hyperspectral\/?page_id=38","title":{"rendered":"Nous contacter"},"content":{"rendered":"<p>Les responsables de ce groupe sont Jean-Baptiste F\u00e9ret, V\u00e9ronique Carr\u00e8re, Xavier Briottet, St\u00e9phane Jacquemoud, Jocelyn Chanussot et Rodolphe Marion.<\/p>\n<p>Pour nous contacter, envoyez-nous un email \u00e0 l&#8217;adresse : <a href=\"mailto:hyperspectral@sfpt.fr\">hyperspectral@sfpt.fr<\/a><\/p>\n<p><strong>Pour demander votre inscription \u00e0 la liste mail et recevoir les mises \u00e0 jour et annonces du site, merci d&#8217;envoyer votre contact \u00e0 l&#8217;adresse : <a href=\"mailto:hyperspectral@sfpt.fr\">hyperspectral@sfpt.fr<\/a><\/strong><\/p>\n","protected":false},"excerpt":{"rendered":"<p>Les responsables de ce groupe sont Jean-Baptiste F\u00e9ret, V\u00e9ronique Carr\u00e8re, Xavier Briottet, St\u00e9phane Jacquemoud, Jocelyn Chanussot et Rodolphe Marion. Pour nous contacter, envoyez-nous un email \u00e0 l&#8217;adresse : hyperspectral@sfpt.fr Pour demander votre inscription \u00e0 la liste mail et recevoir les mises \u00e0 jour et annonces du site, merci d&#8217;envoyer votre contact \u00e0 l&#8217;adresse : hyperspectral@sfpt.fr<\/p>\n","protected":false},"author":1,"featured_media":0,"parent":0,"menu_order":0,"comment_status":"closed","ping_status":"open","template":"","meta":{"_s2mail":"yes","footnotes":""},"class_list":["post-38","page","type-page","status-publish","hentry"],"_links":{"self":[{"href":"https:\/\/www.sfpt.fr\/hyperspectral\/index.php?rest_route=\/wp\/v2\/pages\/38","targetHints":{"allow":["GET"]}}],"collection":[{"href":"https:\/\/www.sfpt.fr\/hyperspectral\/index.php?rest_route=\/wp\/v2\/pages"}],"about":[{"href":"https:\/\/www.sfpt.fr\/hyperspectral\/index.php?rest_route=\/wp\/v2\/types\/page"}],"author":[{"embeddable":true,"href":"https:\/\/www.sfpt.fr\/hyperspectral\/index.php?rest_route=\/wp\/v2\/users\/1"}],"replies":[{"embeddable":true,"href":"https:\/\/www.sfpt.fr\/hyperspectral\/index.php?rest_route=%2Fwp%2Fv2%2Fcomments&post=38"}],"version-history":[{"count":14,"href":"https:\/\/www.sfpt.fr\/hyperspectral\/index.php?rest_route=\/wp\/v2\/pages\/38\/revisions"}],"predecessor-version":[{"id":2108,"href":"https:\/\/www.sfpt.fr\/hyperspectral\/index.php?rest_route=\/wp\/v2\/pages\/38\/revisions\/2108"}],"wp:attachment":[{"href":"https:\/\/www.sfpt.fr\/hyperspectral\/index.php?rest_route=%2Fwp%2Fv2%2Fmedia&parent=38"}],"curies":[{"name":"wp","href":"https:\/\/api.w.org\/{rel}","templated":true}]}}