{"id":45,"date":"2013-01-17T15:19:53","date_gmt":"2013-01-17T14:19:53","guid":{"rendered":"http:\/\/www.sfpt.fr\/hyperspectral\/?page_id=45"},"modified":"2014-06-05T08:16:02","modified_gmt":"2014-06-05T07:16:02","slug":"coloque-dinauguration-de-la-sfth-7-et-8-avril-2011","status":"publish","type":"page","link":"https:\/\/www.sfpt.fr\/hyperspectral\/?page_id=45","title":{"rendered":"Colloque d&#8217;inauguration de la SFTH &#8211; 7 et 8 avril 2011, Universit\u00e9 Paris Diderot \/ IPGP"},"content":{"rendered":"<p style=\"text-align: justify;\">Le colloque inaugural de la SFTH (Soci\u00e9t\u00e9 Fran\u00e7aise de T\u00e9l\u00e9d\u00e9tection Hyperspectrale, devenue \u00e0 ce jour un groupe th\u00e9matique de la Soci\u00e9t\u00e9 Fran\u00e7aise de Photogramm\u00e9trie et T\u00e9l\u00e9d\u00e9tection, voir <a title=\"Groupe Hyperspectral de la SFPT (SFPT-GH)\" href=\"http:\/\/www.sfpt.fr\/hyperspectral\/?page_id=29\" target=\"_blank\">SFPT-GH<\/a>) s&#8217;est tenu les 7 et 8 avril 2011 \u00e0 l&#8217;Universit\u00e9 Paris Diderot \/ IPGP. Il a r\u00e9uni environ 80 personnes.<\/p>\n<p style=\"text-align: justify;\">Le programme ainsi que les pr\u00e9sentations sont disponibles ci-dessous.<\/p>\n<p style=\"text-align: center;\"><span style=\"text-decoration: underline;\"><b>JEUDI 7 AVRIL 2011<\/b><\/span><\/p>\n<p style=\"text-align: justify;\"><b>9h00 Accueil<\/b><\/p>\n<p style=\"text-align: justify;\"><b>9h30 <\/b>S. Jacquemoud (Universit\u00e9 Paris Diderot \/ IPGP),\u00a0<b>Ouverture du colloque, discours d&#8217;introduction <a href=\"http:\/\/www.sfpt.fr\/hyperspectral\/wp-content\/uploads\/2013\/01\/SFTH_1.1_Introduction.pdf\" target=\"_blank\">PDF<\/a><\/b><\/p>\n<p style=\"text-align: justify;\"><b>9h45 <\/b>R. Marion (CEA), V. Carr\u00e8re (Universit\u00e9 de Nantes \/ LPG), S. Jacquemoud (Universit\u00e9 Paris Diderot \/ IPGP), X. Briottet (ONERA),\u00a0<b>Pr\u00e9sentation de la SFTH <a href=\"http:\/\/www.sfpt.fr\/hyperspectral\/wp-content\/uploads\/2013\/01\/SFTH_1.2_Presentation.pdf\" target=\"_blank\">PDF<\/a><\/b><\/p>\n<p style=\"text-align: justify;\"><b>10h15 <\/b>S. Michel (CNES) et\u00a0M.-J. Lef\u00e8vre-Fonollosa (CNES), <b>HYPXIM \u2013 Satellite hyperspectral dual\u00a0<b>\u2013<\/b> R\u00e9sultats pr\u00e9liminaires des \u00e9tudes <a href=\"http:\/\/www.sfpt.fr\/hyperspectral\/wp-content\/uploads\/2013\/01\/SFTH_1.3_Michel.pdf\" target=\"_blank\">PDF<\/a><\/b><\/p>\n<p style=\"text-align: justify;\"><b>10h40 <\/b>V. Carr\u00e8re (Universit\u00e9 de Nantes \/ LPG), <b>Spectro-imagerie : les missions \u00a0internationales programm\u00e9es et\/ou \u00e0 l\u2019\u00e9tude <a href=\"http:\/\/www.sfpt.fr\/hyperspectral\/wp-content\/uploads\/2013\/01\/SFTH_1.4_Carrere.pdf\" target=\"_blank\">PDF<\/a><\/b><\/p>\n<p style=\"text-align: justify;\"><b>11h05 Session posters et pause caf\u00e9<\/b><\/p>\n<p style=\"text-align: justify;\"><b>11h35 <\/b>M. Lennon (Actimar), N. Thomas (Actimar), G. Sicot (Actimar), S. Smet (Actimar), V. Mariette (Actimar), <b>T\u00e9l\u00e9d\u00e9tection hyperspectrale\u00a0: quelques voies vers l\u2019op\u00e9rationnel <a href=\"http:\/\/www.sfpt.fr\/hyperspectral\/wp-content\/uploads\/2013\/01\/SFTH_1.5_Lennon.pdf\" target=\"_blank\">PDF<\/a><\/b><\/p>\n<p style=\"text-align: justify;\"><b>12h00 <\/b>M. Grizonnet (CNES), <b>Pr\u00e9sentation des activit\u00e9s R&amp;T \u00ab M\u00e9thodes et outils d\u2019analyse de donn\u00e9es hyperspectrales \u00bb men\u00e9es au CNES <a href=\"http:\/\/www.sfpt.fr\/hyperspectral\/wp-content\/uploads\/2013\/01\/SFTH_1.6_Grizonnet.pdf\" target=\"_blank\">PDF<\/a><br \/>\n<\/b><\/p>\n<p style=\"text-align: justify;\"><b>12h25 Pause d\u00e9jeuner<\/b><\/p>\n<p style=\"text-align: center;\"><b>SESSION 1\u00a0: GEOSPHERE<\/b><\/p>\n<p style=\"text-align: justify;\"><b>13h30 <\/b>A. Lesaignoux (ONERA), S. Fabre (ONERA), X. Briottet (ONERA),\u00a0A. Olioso (INRA), <b>Estimation of soil moisture content of bare soils from their spectral optical properties in the 0.4 \u2013 12 \u00b5m spectral domain <a href=\"http:\/\/www.sfpt.fr\/hyperspectral\/wp-content\/uploads\/2013\/01\/SFTH_2.1_Lesaignoux.pdf\" target=\"_blank\">PDF<\/a><\/b><\/p>\n<p style=\"text-align: justify;\"><b>13h55 <\/b>A. Bourguignon (BRGM), O. Cerdan (BRGM), J.-F Desprats (BRGM), O. Malam Issa (Universit\u00e9 de Reims), B. Marin (Universit\u00e9 de Reims), B. Cances (Universit\u00e9 de Reims), C. Valentin (BRGM), J.-L. Rajot (BRGM), <b>Identification spectrale des cro\u00fbtes biologiques (BSC) en zone Sah\u00e9lienne (Niger)\u00a0<b>\u2013<\/b> Effets de la composition min\u00e9ralogique, g\u00e9ochimique et biologique sur la r\u00e9ponse spectrale <a href=\"http:\/\/www.sfpt.fr\/hyperspectral\/wp-content\/uploads\/2013\/01\/SFTH_2.2_Bourguignon.pdf\" target=\"_blank\">PDF<\/a><\/b><\/p>\n<p style=\"text-align: justify;\"><b>14h20 <\/b>C. Gomez (INRA) et\u00a0P. Lagacherie (INRA), <b>Utilisation de l\u2019imagerie hyperspectrale pour la cartographie num\u00e9rique des propri\u00e9t\u00e9s des sols en zone m\u00e9diterran\u00e9enne <a href=\"http:\/\/www.sfpt.fr\/hyperspectral\/wp-content\/uploads\/2013\/01\/SFTH_2.3_Gomez.pdf\" target=\"_blank\">PDF<\/a><\/b><\/p>\n<p style=\"text-align: justify;\"><b>14h45 <\/b>S. Chevrel (BRGM), A. Bourguignon (BRGM), M. Despinoy (BRGM), P. Maurizot (BRGM), O. Rouzeau (BRGM), B. Sevin (BRGM), <b>Etude par spectroradiom\u00e9trie des profils lat\u00e9ritiques de Nouvelle Cal\u00e9donie <a href=\"http:\/\/www.sfpt.fr\/hyperspectral\/wp-content\/uploads\/2013\/01\/SFTH_2.4_Chevrel.pdf\" target=\"_blank\">PDF<\/a><\/b><\/p>\n<p style=\"text-align: justify;\"><b>15h10 <\/b>M. Massuyeau (Total) et\u00a0J.-P. Xavier (Total), <b>Les besoins en imagerie hyperspectrale dans l\u2019exploration p\u00e9troli\u00e8re <a href=\"http:\/\/www.sfpt.fr\/hyperspectral\/wp-content\/uploads\/2013\/01\/SFTH_2.5_Massuyeau.pdf\" target=\"_blank\">PDF<\/a><\/b><\/p>\n<p style=\"text-align: justify;\"><b>15h35 Session posters et pause caf\u00e9<\/b><\/p>\n<p style=\"text-align: center;\">\u00a0<b>SESSION 2\u00a0: VEGETATION<\/b><\/p>\n<p style=\"text-align: justify;\"><b>16h00<\/b> I. Moya (LMD), F. Daumard (LMD-INRA),\u00a0Y. Goulas (LMD), S. Champagne (LMD), A.\u00a0Ounis (LMD), A. Fournier (LMD), <b>La mesure passive de la fluorescence de la chlorophylle : un nouveau champ d\u2019application hyperspectral <a href=\"http:\/\/www.sfpt.fr\/hyperspectral\/wp-content\/uploads\/2013\/01\/SFTH_3.1_Moya.pdf\" target=\"_blank\">PDF<\/a><\/b><\/p>\n<p style=\"text-align: justify;\"><b>16h25 <\/b>N. Vigneau (CEMAGREF), G. Rabatel (CEMAGREF), M. Ecarnot (INRA), P. Roumet (INRA), <b>Potentiel de l\u2019imagerie hyperspectrale de proximit\u00e9 pour le ph\u00e9notypage rapide des cultures\u00a0<b>\u2013<\/b> Application \u00e0 l\u2019\u00e9valuation de la teneur en azote sur bl\u00e9 dur <a href=\"http:\/\/www.sfpt.fr\/hyperspectral\/wp-content\/uploads\/2013\/01\/SFTH_3.2_Vigneau.pdf\" target=\"_blank\">PDF<\/a><\/b><\/p>\n<p style=\"text-align: justify;\"><b>16h50 <\/b>S. Jacquemoud (Universit\u00e9 Paris Diderot \/ IPGP),\u00a0<b>Integration of canopy biophysical variables infered from hyperspectral data into SVAT models <a href=\"http:\/\/www.sfpt.fr\/hyperspectral\/wp-content\/uploads\/2013\/01\/SFTH_3.3_Jacquemoud.pdf\" target=\"_blank\">PDF<\/a><\/b><\/p>\n<p style=\"text-align: justify;\"><b>17h15 <\/b>D. Sheeren (INRA), M. Fauvel (INRA), S. Ladet (INRA), A. Jacquin (INRA), C. Monteil (INRA), M. Goulard\u00a0(INRA), <b>Identification des accrus de fr\u00eane en milieu de montagne par t\u00e9l\u00e9d\u00e9tection hyperspectrale\u00a0: objectifs et premiers r\u00e9sultats de la mission MADONNA <a href=\"http:\/\/www.sfpt.fr\/hyperspectral\/wp-content\/uploads\/2013\/01\/SFTH_3.4_Sheeren.pdf\" target=\"_blank\">PDF<\/a><\/b><\/p>\n<p style=\"text-align: justify;\"><b>17h40 Cocktail de bienvenue<\/b><\/p>\n<p style=\"text-align: justify;\"><b>19h00 Bal Lumi\u00e8re \u00e0 l\u2019universit\u00e9 Paris Diderot<\/b><\/p>\n<p style=\"text-align: center;\"><span style=\"text-decoration: underline;\"><b>VENDREDI 8 AVRIL 2011<\/b><\/span><\/p>\n<p style=\"text-align: center;\"><b>SESSION 3\u00a0: PLANETOLOGIE, ATMOSPHERE<\/b><\/p>\n<p style=\"text-align: justify;\"><b>8h30 <\/b>S. Dout\u00e9 (IPAG), X. Ceamanos (IPAG), F. Schmidt (Laboratoire IDES), B. Luo (Gipsa-lab), S. Girard (INRIA), J. Chanussot (Gipsa-lab), <strong>Imagerie hyperspectrale des hautes latitudes de Mars<\/strong> <strong><a href=\"http:\/\/www.sfpt.fr\/hyperspectral\/wp-content\/uploads\/2013\/01\/SFTH_4.1_Doute.pdf\" target=\"_blank\">PDF<\/a><\/strong><\/p>\n<p style=\"text-align: justify;\"><b>8h55 <\/b>X. Ceamanos (IPAG),\u00a0S. Dout\u00e9 (IPAG), B. Luo (Gipsa-lab), F. Schmidt (Laboratoire IDES), G. Jouannic (Laboratoire IDES),\u00a0J. Chanussot (Gipsa-lab), <b>Etude de la surface de la plan\u00e8te Mars par techniques de s\u00e9paration de source appliqu\u00e9es sur des images hyperspectrales de t\u00e9l\u00e9d\u00e9tection <a href=\"http:\/\/www.sfpt.fr\/hyperspectral\/wp-content\/uploads\/2013\/01\/SFTH_4.2_Ceamanos.pdf\" target=\"_blank\">PDF<\/a><\/b><\/p>\n<p style=\"text-align: justify;\"><b>9h20 <\/b>S. Rodriguez (Universit\u00e9 Paris Diderot \/ AIM), S. Le Mou\u00e9lic (Universit\u00e9 de Nantes \/ LPG), C. Sotin (JPL \/ NASA), P. Rannou, J. Burgalat, S. Lebonnois, B. Charnay, J.W. Barnes, C.A. Griffith, R.H. Brown, K.H. Baines, B.J. Buratti, R.N. Clark, P.D. Nicholson, <b>Variations saisonni\u00e8res de l\u2019activit\u00e9 nuageuse dans l\u2019atmosph\u00e8re de Titan suivies avec\u00a0VIMS \/ Cassini<\/b> <strong><a href=\"http:\/\/www.sfpt.fr\/hyperspectral\/wp-content\/uploads\/2013\/01\/SFTH_4.3_Rodriguez.pdf\" target=\"_blank\">PDF<\/a><\/strong><\/p>\n<p style=\"text-align: justify;\"><b>9h45 <\/b>A. Deschamps (CEA), X. Briottet (ONERA), R. Marion (CEA), P.-Y. Foucher (ONERA), C. Lavigne (ONERA), <b>Estimation conjointe des a\u00e9rosols et du CO2 dans un panache par imagerie hyperspectrale<\/b> <a href=\"http:\/\/www.sfpt.fr\/hyperspectral\/wp-content\/uploads\/2013\/01\/SFTH_4.4_Deschamps.pdf\" target=\"_blank\"><strong>PDF<\/strong><\/a><\/p>\n<p style=\"text-align: justify;\"><b>10h10 <\/b>V. Achard (ONERA), X. Briottet (ONERA), L. Poutier (ONERA), <b>Scope of ONERA atmospheric compensation tools to retrieve the optical properties over different types of landscape from hyperspectral airborne acquisition in the 0.4\u00a0<b><b>\u2013<\/b><\/b> 2.5 \u00b5m domain<\/b> <strong><a href=\"http:\/\/www.sfpt.fr\/hyperspectral\/wp-content\/uploads\/2013\/01\/SFTH_4.5_Achard.pdf\" target=\"_blank\">PDF<\/a><\/strong><\/p>\n<p style=\"text-align: justify;\"><b>10h35 Session posters et pause caf\u00e9 <\/b><\/p>\n<p style=\"text-align: center;\"><b>SESSION 4\u00a0: ALGORITHMES<\/b><\/p>\n<p style=\"text-align: justify;\"><b>11h00 <\/b>L. Chaumat (NOVELTIS), <b>Mod\u00e9lisation directe du transfert radiatif de l\u2019atmosph\u00e8re terrestre\u00a0: instruments \u00e0 tr\u00e8s haute r\u00e9solution spectrale, vis\u00e9es nadir et vis\u00e9es au limbe, atmosph\u00e8re diffusante \u2013 La suite logicielle 4A\/OP <a href=\"http:\/\/www.sfpt.fr\/hyperspectral\/wp-content\/uploads\/2013\/01\/SFTH_5.1_Chaumat.pdf\" target=\"_blank\">PDF<\/a><\/b><\/p>\n<p style=\"text-align: justify;\"><b>11h25 <\/b>S. Valero (GIPSA-lab &amp; Technical University of Catalonia),\u00a0P. Salembier (Technical University of Catalonia), J. Chanussot (GIPSA-lab), <b>Binary Partition Tree\u00a0hyperspectal remote sensing images <a href=\"http:\/\/www.sfpt.fr\/hyperspectral\/wp-content\/uploads\/2013\/01\/SFTH_5.2_Valero.pdf\" target=\"_blank\">PDF<\/a><\/b><\/p>\n<p style=\"text-align: justify;\"><b>11h50 <\/b>A. Huck (Magellium) et\u00a0M. Guillaume (Institut Fresnel), <b>S\u00e9paration de sources et d\u00e9tection d\u2019anomalies en imagerie hyperspectrale <a href=\"http:\/\/www.sfpt.fr\/hyperspectral\/wp-content\/uploads\/2013\/01\/SFTH_5.3_Huck.pdf\" target=\"_blank\">PDF<\/a><\/b><\/p>\n<p style=\"text-align: justify;\"><b>12h15 <\/b>J. Minet (Institut d&#8217;Optique), J. Taboury (Institut d&#8217;Optique), F. Goudail, M. P\u00e9alat, N. Roux, J. Lonnoy, Y. Ferrec, <b>S\u00e9lection de bandes pour la d\u00e9tection de cibles<\/b><\/p>\n<p style=\"text-align: justify;\"><b>12h35 <\/b>N. Gu\u00e9rineau (Institut d&#8217;Optique), Y. Ferrec, S. Th\u00e9tas, C. Coudrain, L. Rousset-Rouvi\u00e8re, J. Primot, H. Sauer, J. Taboury, P. Chavel, <b>Techniques d\u2019imagerie hyperspectrale par transform\u00e9e de Fourier\u00a0: travaux pass\u00e9s, en cours et futurs dans le cadre de la plateforme de recherche PRECISION <a href=\"http:\/\/www.sfpt.fr\/hyperspectral\/wp-content\/uploads\/2013\/01\/SFTH_5.5_Guerineau.pdf\" target=\"_blank\">PDF<\/a><\/b><\/p>\n<p style=\"text-align: justify;\"><b>13h00 Pause d\u00e9jeuner<\/b><\/p>\n<p style=\"text-align: center;\"><b>SESSION 5\u00a0: LITTORAL ET URBAIN<\/b><\/p>\n<p style=\"text-align: justify;\"><b>14h00 <\/b>A. Dehouck (Universit\u00e9 Bordeaux 1 \/ EPOC), V. Lafon (Universit\u00e9 Bordeaux 1 \/ EPOC), B. Lubac (Universit\u00e9 Bordeaux 1 \/ EPOC), <b>Surveillance des environnements littoraux et c\u00f4tiers par t\u00e9l\u00e9d\u00e9tection optique hyperspectrale <a href=\"http:\/\/www.sfpt.fr\/hyperspectral\/wp-content\/uploads\/2013\/01\/SFTH_6.1_Dehouck.pdf\" target=\"_blank\">PDF<\/a><\/b><\/p>\n<p style=\"text-align: justify;\"><b>14h25 <\/b>X. Briottet (ONERA), C. Weber (Universit\u00e9 de Strasbourg \/ LIVE), K. Adeline (ONERA),\u00a0<b>L&#8217;imagerie hyperspectrale en milieu urbain <a href=\"http:\/\/www.sfpt.fr\/hyperspectral\/wp-content\/uploads\/2013\/01\/SFTH_6.2_Briottet.pdf\" target=\"_blank\">PDF<\/a><\/b><\/p>\n<p style=\"text-align: justify;\"><b>14h50 <\/b>R. Marion (CEA), V. Carr\u00e8re (Universit\u00e9 de Nantes \/ LPG), S. Jacquemoud (Universit\u00e9 Paris Diderot \/ IPGP), X. Briottet (ONERA),\u00a0<b>Cl\u00f4ture du colloque <a href=\"http:\/\/www.sfpt.fr\/hyperspectral\/wp-content\/uploads\/2013\/01\/SFTH_6.3_Cloture.pdf\" target=\"_blank\">PDF<\/a><\/b><\/p>\n<p style=\"text-align: justify;\"><span style=\"text-decoration: underline;\"><b>POSTERS<\/b><\/span><\/p>\n<p style=\"text-align: justify;\">Gerber et al., <b>Estimation of vegetation water content at leaf and canopy levels using the 3 \u2013 5 \u00b5m domain<\/b><\/p>\n<p style=\"text-align: justify;\">Huard\u00a0et Marion, <b>Study of non-linear mixing in hyperspectral imagery \u2013 A first attempt in the laboratory<\/b><\/p>\n<p style=\"text-align: justify;\">Lef\u00e8vre\u00a0et Chehdi, <b>Acquisition, traitement et analyse des images multi\/hyperspectrales<\/b><\/p>\n<p style=\"text-align: justify;\">Meganem et al., <b>Physical modeling and non-linear unmixing method for urban hyperspectral images<\/b><\/p>\n<p style=\"text-align: justify;\">Moussa et al., <b>Mapping of hydrothermally altered rocks of Asa Leyta area (Republic of Djibouti) by using multiple sensors (Hyperion, ASTER, SPOT and Quickbird)<\/b><\/p>\n<p style=\"text-align: justify;\">Rousset-Rouvi\u00e8re et al., <b>SYSIPHE, Airborne Hyperspectral Imager System<\/b><\/p>\n<p style=\"text-align: justify;\"><span style=\"text-decoration: underline;\"><b>STANDS<\/b><\/span><\/p>\n<p style=\"text-align: justify;\"><a href=\"http:\/\/www.ittvis.com\/\" target=\"_blank\">ITT Visual Information Solutions<\/a><\/p>\n<p style=\"text-align: justify;\"><a href=\"http:\/\/www.noveltis.fr\/\" target=\"_blank\">NOVELTIS<\/a><\/p>\n","protected":false},"excerpt":{"rendered":"<p>Le colloque inaugural de la SFTH (Soci\u00e9t\u00e9 Fran\u00e7aise de T\u00e9l\u00e9d\u00e9tection Hyperspectrale, devenue \u00e0 ce jour un groupe th\u00e9matique de la Soci\u00e9t\u00e9 Fran\u00e7aise de Photogramm\u00e9trie et T\u00e9l\u00e9d\u00e9tection, voir SFPT-GH) s&#8217;est tenu les 7 et 8 avril 2011 \u00e0 l&#8217;Universit\u00e9 Paris Diderot \/ IPGP. Il a r\u00e9uni environ 80 personnes. Le programme ainsi que les pr\u00e9sentations sont &hellip; <\/p>\n<p class=\"link-more\"><a href=\"https:\/\/www.sfpt.fr\/hyperspectral\/?page_id=45\" class=\"more-link\">Continuer la lecture<span class=\"screen-reader-text\"> de &laquo;&nbsp;Colloque d&#8217;inauguration de la SFTH &#8211; 7 et 8 avril 2011, Universit\u00e9 Paris Diderot \/ IPGP&nbsp;&raquo;<\/span><\/a><\/p>\n","protected":false},"author":1,"featured_media":0,"parent":0,"menu_order":0,"comment_status":"closed","ping_status":"open","template":"","meta":{"_s2mail":"yes","footnotes":""},"class_list":["post-45","page","type-page","status-publish","hentry"],"_links":{"self":[{"href":"https:\/\/www.sfpt.fr\/hyperspectral\/index.php?rest_route=\/wp\/v2\/pages\/45","targetHints":{"allow":["GET"]}}],"collection":[{"href":"https:\/\/www.sfpt.fr\/hyperspectral\/index.php?rest_route=\/wp\/v2\/pages"}],"about":[{"href":"https:\/\/www.sfpt.fr\/hyperspectral\/index.php?rest_route=\/wp\/v2\/types\/page"}],"author":[{"embeddable":true,"href":"https:\/\/www.sfpt.fr\/hyperspectral\/index.php?rest_route=\/wp\/v2\/users\/1"}],"replies":[{"embeddable":true,"href":"https:\/\/www.sfpt.fr\/hyperspectral\/index.php?rest_route=%2Fwp%2Fv2%2Fcomments&post=45"}],"version-history":[{"count":48,"href":"https:\/\/www.sfpt.fr\/hyperspectral\/index.php?rest_route=\/wp\/v2\/pages\/45\/revisions"}],"predecessor-version":[{"id":884,"href":"https:\/\/www.sfpt.fr\/hyperspectral\/index.php?rest_route=\/wp\/v2\/pages\/45\/revisions\/884"}],"wp:attachment":[{"href":"https:\/\/www.sfpt.fr\/hyperspectral\/index.php?rest_route=%2Fwp%2Fv2%2Fmedia&parent=45"}],"curies":[{"name":"wp","href":"https:\/\/api.w.org\/{rel}","templated":true}]}}