{"id":48,"date":"2013-01-17T15:20:59","date_gmt":"2013-01-17T14:20:59","guid":{"rendered":"http:\/\/www.sfpt.fr\/hyperspectral\/?page_id=48"},"modified":"2013-06-24T10:41:23","modified_gmt":"2013-06-24T09:41:23","slug":"2eme-colloque-scientifique-de-la-sfth-18-et-19-juin-2012-onera-toulouse","status":"publish","type":"page","link":"https:\/\/www.sfpt.fr\/hyperspectral\/?page_id=48","title":{"rendered":"2\u00e8me colloque scientifique de la SFTH &#8211; 18 et 19 juin 2012, ONERA Toulouse"},"content":{"rendered":"<p style=\"text-align: justify;\">Le 2\u00e8me colloque scientifique de la SFTH (Soci\u00e9t\u00e9 Fran\u00e7aise de T\u00e9l\u00e9d\u00e9tection Hyperspectrale, devenue \u00e0 ce jour un groupe th\u00e9matique de la Soci\u00e9t\u00e9 Fran\u00e7aise de Photogramm\u00e9trie et T\u00e9l\u00e9d\u00e9tection, voir <a title=\"Groupe Hyperspectral de la SFPT (SFPT-GH)\" href=\"http:\/\/www.sfpt.fr\/hyperspectral\/?page_id=29\" target=\"_blank\">SFPT-GH<\/a>) s&#8217;est tenu les 18 et 19 juin 2012 \u00e0 l&#8217;ONERA Toulouse. Il a r\u00e9uni environ 85 personnes.<\/p>\n<p style=\"text-align: justify;\">Vous pouvez t\u00e9l\u00e9charger le <a href=\"http:\/\/www.sfpt.fr\/hyperspectral\/wp-content\/uploads\/2013\/01\/flyer_colloque_2012.pdf\" target=\"_blank\">flyer<\/a>, le <a href=\"http:\/\/www.sfpt.fr\/hyperspectral\/wp-content\/uploads\/2013\/01\/programme_SFTH_2012_long.pdf\" target=\"_blank\">programme<\/a> d\u00e9taill\u00e9, le <a href=\"http:\/\/www.sfpt.fr\/hyperspectral\/wp-content\/uploads\/2013\/01\/SFTH2012_Avis_colloque.doc\" target=\"_blank\">formulaire<\/a> d&#8217;avis et la <a href=\"http:\/\/www.sfpt.fr\/hyperspectral\/wp-content\/uploads\/2013\/01\/SFTH2012_photo.jpg\" target=\"_blank\">photo<\/a>.<\/p>\n<p style=\"text-align: justify;\">Le programme ainsi que les pr\u00e9sentations sont disponibles ci-dessous.<\/p>\n<p style=\"text-align: center;\"><span style=\"text-decoration: underline;\"><b>LUNDI 18 JUIN 2012<\/b><\/span><\/p>\n<p style=\"text-align: justify;\"><b>9h00 Accueil<\/b><\/p>\n<p style=\"text-align: justify;\"><b>10h00 <\/b>Briottet (ONERA),\u00a0<strong>Ouverture du colloque <a href=\"http:\/\/www.sfpt.fr\/hyperspectral\/wp-content\/uploads\/2013\/01\/SFTH2012_0.01_Introduction.pdf\" target=\"_blank\">PDF<\/a><\/strong><\/p>\n<p style=\"text-align: justify;\"><b>10h10 <\/b>Rosier (ONERA), <strong>Pr\u00e9sentation de l&#8217;ONERA <a href=\"http:\/\/www.sfpt.fr\/hyperspectral\/wp-content\/uploads\/2013\/01\/SFTH2012_0.02_ONERA.pdf\" target=\"_blank\">PDF<\/a><\/strong><\/p>\n<p style=\"text-align: justify;\"><b>10h20 <\/b>Marion (CEA), <strong>Assembl\u00e9e g\u00e9n\u00e9rale de la SFTH<\/strong> <a href=\"http:\/\/www.sfpt.fr\/hyperspectral\/wp-content\/uploads\/2013\/01\/SFTH2012_0.03_Presentation_SFTH.pdf\" target=\"_blank\"><strong>PDF<\/strong><\/a><\/p>\n<p style=\"text-align: justify;\"><b>10h35 <\/b>Paparoditis (IGN), <strong>Pr\u00e9sentation de la Soci\u00e9t\u00e9 Francaise de Photogramm\u00e9trie et T\u00e9l\u00e9d\u00e9tection (SFPT)<\/strong> <a href=\"http:\/\/www.sfpt.fr\/hyperspectral\/wp-content\/uploads\/2013\/01\/SFTH2012_0.04_Presentation_SFPT.pdf\" target=\"_blank\"><strong>PDF<\/strong><\/a><\/p>\n<p style=\"text-align: justify;\"><b>10h50 <\/b>Lef\u00e8vre (CNES) et Michel (CNES), <strong>HYPXIM \u2013 Satellite hyperspectral dual \u2013 Avancement des \u00e9tudes de phase 0<\/strong> <a href=\"http:\/\/www.sfpt.fr\/hyperspectral\/wp-content\/uploads\/2013\/01\/SFTH2012_0.05_Lefevre.pdf\" target=\"_blank\"><strong>PDF<\/strong><\/a><\/p>\n<p style=\"text-align: center;\"><b>SESSION 1\u00a0: PLANETOLOGIE<\/b><\/p>\n<p style=\"text-align: justify;\"><b>11h15 <\/b>Cornet (LPG) et al., <strong>La surface de Titan vue par VIMS, l\u2019imageur hyperspectral de la sonde Cassini<\/strong> <a href=\"http:\/\/www.sfpt.fr\/hyperspectral\/wp-content\/uploads\/2013\/01\/SFTH2012_1.1_Cornet.pdf\" target=\"_blank\"><strong>PDF<\/strong><\/a><\/p>\n<p style=\"text-align: justify;\"><b>11h40 <\/b>Rodriguez (U. Paris Diderot) et al., <strong>L\u2019activit\u00e9 atmosph\u00e9rique et le climat de Titan surveill\u00e9s par l\u2019imageur hyperspectral VIMS de la sonde Cassini<\/strong> <a href=\"http:\/\/www.sfpt.fr\/hyperspectral\/wp-content\/uploads\/2013\/01\/SFTH2012_1.2_Rodriguez.pdf\" target=\"_blank\"><strong>PDF<\/strong><\/a><\/p>\n<p style=\"text-align: justify;\"><b>12h05 <\/b>Fernando (IDES) et al., <strong>Surface photometric properties from CRISM\/MRO hyperspectral multi-angle observations<\/strong> <a href=\"http:\/\/www.sfpt.fr\/hyperspectral\/wp-content\/uploads\/2013\/01\/SFTH2012_1.3_Fernando.pdf\" target=\"_blank\"><strong>PDF<\/strong><\/a><\/p>\n<p style=\"text-align: justify;\"><b>12h30 <\/b><strong>Pause d\u00e9jeuner<\/strong><\/p>\n<p style=\"text-align: justify;\"><b>13h30 <\/b>Hosford (CNES), <strong>Opportunit\u00e9s de financement d\u2019activit\u00e9s scientifiques par le CNES<\/strong> <a href=\"http:\/\/www.sfpt.fr\/hyperspectral\/wp-content\/uploads\/2013\/01\/SFTH2012_0.06_Presentation_TOSCA.pdf\" target=\"_blank\"><strong>PDF<\/strong><\/a><\/p>\n<p style=\"text-align: justify;\"><b>13h45 <\/b>Flamant (LATMOS), <strong>Programme National de T\u00e9l\u00e9d\u00e9tection Spatiale<\/strong> <a href=\"http:\/\/www.sfpt.fr\/hyperspectral\/wp-content\/uploads\/2013\/01\/SFTH2012_0.07_Presentation_PNTS.pdf\" target=\"_blank\"><strong>PDF<\/strong><\/a><\/p>\n<p style=\"text-align: justify;\"><b>14h00 <\/b>Flamant (LATMOS), <strong>SAFIRE : Service de Avions Fran\u00e7ais Instrument\u00e9s pour la Recherche en Environnement<\/strong> <a href=\"http:\/\/www.sfpt.fr\/hyperspectral\/wp-content\/uploads\/2013\/01\/SFTH2012_0.08_Presentation_SAFIRE.pdf\" target=\"_blank\"><strong>PDF<\/strong><\/a><\/p>\n<p style=\"text-align: center;\">\u00a0<b>SESSION 2\u00a0: ATMOSPHERE<\/b><\/p>\n<p style=\"text-align: justify;\"><b>14h15 <\/b>Deschamps (CEA) et al., <strong>Caract\u00e9risation d\u2019un panache d\u2019a\u00e9rosols industriels par imagerie hyperspectrale<\/strong> <a href=\"http:\/\/www.sfpt.fr\/hyperspectral\/wp-content\/uploads\/2013\/01\/SFTH2012_2.1_Deschamps.pdf\" target=\"_blank\"><strong>PDF<\/strong><\/a><\/p>\n<p style=\"text-align: justify;\"><b>14h40 <\/b>Chaumat (NOVELTIS) et al., <strong>4A\/OP: A fast &amp; accurate operational forward radiative transfer model<\/strong> <a href=\"http:\/\/www.sfpt.fr\/hyperspectral\/wp-content\/uploads\/2013\/01\/SFTH2012_2.2_Chaumat.pdf\" target=\"_blank\"><strong>PDF<\/strong><\/a><\/p>\n<p style=\"text-align: justify;\"><b>15h05 <\/b>Idoughi (ONERA) et al., <strong>D\u00e9tection de polluants atmosph\u00e9riques par imagerie hyperspectrale infrarouge : \u00e9tude du cas de polluants gazeux en zone industrielle \u00e0 haute r\u00e9solution spatiale<\/strong> <a href=\"http:\/\/www.sfpt.fr\/hyperspectral\/wp-content\/uploads\/2013\/01\/SFTH2012_2.3_Idoughi.pdf\" target=\"_blank\"><strong>PDF<\/strong><\/a><\/p>\n<p style=\"text-align: justify;\"><b>15h30 Pause caf\u00e9<\/b><\/p>\n<p style=\"text-align: center;\"><b>SESSION 3 : LITTORAL, GEOPHYSIQUE<\/b><\/p>\n<p style=\"text-align: justify;\"><b>16h00 <\/b>Guillaume (Institut Fresnel) et al., <strong>Evaluation des capacit\u00e9s de la t\u00e9l\u00e9d\u00e9tection HYPerspectrale et d\u00e9veloppement de m\u00e9thodes innovantes de traitement d\u2019images pour des applications D\u00e9fense en zone LITTorale (HYPLITT)<\/strong> <a href=\"http:\/\/www.sfpt.fr\/hyperspectral\/wp-content\/uploads\/2013\/01\/SFTH2012_3.1_Guillaume.pdf\" target=\"_blank\"><strong>PDF<\/strong><\/a><\/p>\n<p style=\"text-align: justify;\"><b>16h25 <\/b>Lennon (Actimar) et al., <strong>Vers une m\u00e9thodologie de cartographie des r\u00e9cifs coralliens par t\u00e9l\u00e9d\u00e9tection hyperspectrale<\/strong> <a href=\"http:\/\/www.sfpt.fr\/hyperspectral\/wp-content\/uploads\/2013\/01\/SFTH2012_3.2_Lennon.pdf\" target=\"_blank\"><strong>PDF<\/strong><\/a><\/p>\n<p style=\"text-align: justify;\"><b>16h50 <\/b>Lafon (EPOC) et al., <strong>Pr\u00e9sentation de la\u00a0 base de donn\u00e9es hyperspectrales d\u2019EPOC<\/strong> <a href=\"http:\/\/www.sfpt.fr\/hyperspectral\/wp-content\/uploads\/2013\/01\/SFTH2012_3.3_Lafon.pdf\" target=\"_blank\"><strong>PDF<\/strong><\/a><\/p>\n<p style=\"text-align: justify;\"><b><b>17h30 <\/b>Cocktail de bienvenue<\/b><\/p>\n<p style=\"text-align: center;\"><span style=\"text-decoration: underline;\"><b>MARDI 19 JUIN 2012<\/b><\/span><\/p>\n<p style=\"text-align: center;\"><b>SESSION 4 : SOL, VEGETATION<\/b><\/p>\n<p style=\"text-align: justify;\"><b>8h50 <\/b>Ouerghemmi (Ecole Nationale d&#8217;Ing\u00e9nieurs de Tunis) et al., <strong>Estimation du taux d\u2019argile en condition semi-v\u00e9g\u00e9talis\u00e9e par traitement d\u2019images hyperspectrales<\/strong> <a href=\"http:\/\/www.sfpt.fr\/hyperspectral\/wp-content\/uploads\/2013\/01\/SFTH2012_4.1_Ouerghemmi.pdf\" target=\"_blank\"><strong>PDF<\/strong><\/a><\/p>\n<p style=\"text-align: justify;\"><b>9h15 <\/b>Alakian (ONERA) et al., <strong>Classification de sc\u00e8nes de v\u00e9g\u00e9tation par utilisation de l\u2019imagerie hyperspectrale et l\u2019imagerie SAR polarim\u00e9trique<\/strong> <a href=\"http:\/\/www.sfpt.fr\/hyperspectral\/wp-content\/uploads\/2013\/01\/SFTH2012_4.2_Alakian.pdf\" target=\"_blank\"><strong>PDF<\/strong><\/a><\/p>\n<p style=\"text-align: justify;\"><b>9h40 <\/b>Mboup (EDEQUE) et al., <strong>Cartographie par t\u00e9l\u00e9d\u00e9tection de la v\u00e9g\u00e9tation envahissante des zones humides du delta du fleuve S\u00e9n\u00e9gal avec le satellite hyperspectral EO-1 Hyperion<\/strong> <a href=\"http:\/\/www.sfpt.fr\/hyperspectral\/wp-content\/uploads\/2013\/01\/SFTH2012_4.3_Mboup.pdf\" target=\"_blank\"><strong>PDF<\/strong><\/a><\/p>\n<p style=\"text-align: justify;\"><b>10h05 <\/b>Jacquemoud (U. Paris Diderot) et al., <strong>Mesure et mod\u00e9lisation de l&#8217;alb\u00e9do global et spectral de la Terre<\/strong> <a href=\"http:\/\/www.sfpt.fr\/hyperspectral\/wp-content\/uploads\/2013\/01\/SFTH2012_4.4_Jacquemoud.pdf\" target=\"_blank\"><strong>PDF<\/strong><\/a><\/p>\n<p style=\"text-align: justify;\"><b>10h30 Pause caf\u00e9<\/b><\/p>\n<p style=\"text-align: center;\">\u00a0<b>SESSION 5 : MILIEUX URBAINS<\/b><\/p>\n<p style=\"text-align: justify;\"><b>11h00 <\/b>Adeline (ONERA) et al., <strong>Reconnaissance de la r\u00e9flectance des mat\u00e9riaux dans l&#8217;ombre des arbres en milieu urbain \u00e0 partir de donn\u00e9es a\u00e9roport\u00e9es hyperspectrales et LIDAR 3D<\/strong> <a href=\"http:\/\/www.sfpt.fr\/hyperspectral\/wp-content\/uploads\/2013\/06\/SFTH2012_5.1_Adeline.pdf\" target=\"_blank\"><strong>PDF<\/strong><\/a><\/p>\n<p style=\"text-align: justify;\"><b>11h25 <\/b>Meganem (ONERA) et al., <strong>D\u00e9m\u00e9lange par Factorisation en Matrices Non n\u00e9gatives adapt\u00e9 \u00e0 un m\u00e9lange lin\u00e9aire quadratique pour des images hyperspectrales urbaines<\/strong> <a href=\"http:\/\/www.sfpt.fr\/hyperspectral\/wp-content\/uploads\/2013\/01\/SFTH2012_5.2_Meganem.pdf\" target=\"_blank\"><strong>PDF<\/strong><\/a><\/p>\n<p style=\"text-align: justify;\"><b>11h50 <\/b>Cubero-Castan (ONERA) et al., <strong>Un nouveau mod\u00e8le d&#8217;aggr\u00e9gation physique\u00a0<strong>\u2013<\/strong> Application au d\u00e9mixage de la temp\u00e9rature et des propri\u00e9t\u00e9s optiques des mat\u00e9riaux dans le domaine spectral de l&#8217;infrarouge thermique<\/strong> <a href=\"http:\/\/www.sfpt.fr\/hyperspectral\/wp-content\/uploads\/2013\/01\/SFTH2012_5.3_Cubero-Castan.pdf\" target=\"_blank\"><strong>PDF<\/strong><\/a><\/p>\n<p style=\"text-align: justify;\"><b>12h15 <\/b>Fauvel (INRA) et Sheeren (INRA), <strong>Kernel Matrix Approximation for Learning the Kernel Hyperparameters<\/strong> <a href=\"http:\/\/www.sfpt.fr\/hyperspectral\/wp-content\/uploads\/2013\/01\/SFTH2012_5.4_Fauvel.pdf\" target=\"_blank\"><strong>PDF<\/strong><\/a><\/p>\n<p style=\"text-align: justify;\"><b>12h45 Pause d\u00e9jeuner<\/b><\/p>\n<p style=\"text-align: center;\"><b>SESSION 6 : METHODOLOGIE<\/b><\/p>\n<p><b>\u00a013h45 <\/b>D\u00e9liot (ONERA) et al., <strong>Analyse d&#8217;images hyperspectrales acquises en laboratoire sur des \u00e9chantillons comportant des r\u00e9sidus de poudre<\/strong> <a href=\"http:\/\/www.sfpt.fr\/hyperspectral\/wp-content\/uploads\/2013\/01\/SFTH2012_6.1_Deliot.pdf\" target=\"_blank\"><strong>PDF<\/strong><\/a><\/p>\n<p><b>14h10 <\/b>Meillier (ONERA) et al., <strong>Analyse des r\u00e9sidus de tir \u00e0 l&#8217;arme \u00e0 feu par des m\u00e9thodes de d\u00e9m\u00e9lange spectral<\/strong> <a href=\"http:\/\/www.sfpt.fr\/hyperspectral\/wp-content\/uploads\/2013\/01\/SFTH2012_6.2_Meillier.pdf\" target=\"_blank\"><strong>PDF<\/strong><\/a><\/p>\n<p><b>14h35 <\/b>Licciardi (GIPSA Lab) et Chanussot (GIPSA Lab), <strong>Different approaches for the fusion of hyperspectral and panchromatic images using indusion and nonlinear PCA<\/strong> <a href=\"http:\/\/www.sfpt.fr\/hyperspectral\/wp-content\/uploads\/2013\/01\/SFTH2012_6.3_Licciardi.pdf\" target=\"_blank\"><strong>PDF<\/strong><\/a><\/p>\n<p><b>15h00 <\/b>Xia (GIPSA Lab) et al., <strong>Classification d\u2019images hyperspectrales bas\u00e9e sur rotation forest<\/strong> <a href=\"http:\/\/www.sfpt.fr\/hyperspectral\/wp-content\/uploads\/2013\/01\/SFTH2012_6.4_Xia.pdf\" target=\"_blank\"><strong>PDF<\/strong><\/a><\/p>\n<p><b>15h25 <\/b>Valero-Valbuena (GIPSA Lab) et al., <strong>L\u2019Arbre Binaire de Partitions : un outil pour la d\u00e9tection d\u2019objets en imagerie hyperspectrale<\/strong> <a href=\"http:\/\/www.sfpt.fr\/hyperspectral\/wp-content\/uploads\/2013\/01\/SFTH2012_6.5_Valero.pdf\" target=\"_blank\"><strong>PDF<\/strong><\/a><\/p>\n<p><b>15h05 <\/b>Briottet (ONERA), <strong>Cl\u00f4ture du colloque<\/strong> <a href=\"http:\/\/www.sfpt.fr\/hyperspectral\/wp-content\/uploads\/2013\/01\/SFTH2012_0.10_Cloture.pdf\" target=\"_blank\"><strong>PDF<\/strong><\/a><\/p>\n<p><span style=\"text-decoration: underline;\"><b>STANDS<\/b><\/span><\/p>\n<p><a href=\"http:\/\/www.actimar.fr\/\" target=\"_blank\">Actimar<\/a> (Marc LENNON)<br \/>\n<a href=\"http:\/\/www.bonsaiadvanced.com\/epages\/BonsaiAdvanced.sf\/fr_FR\" target=\"_blank\">Bonsa\u00ef Advanced Technologies<\/a> (Eric BECOURT)<br \/>\n<a href=\"http:\/\/www.exelisvis.com\/\" target=\"_blank\">Exelis Visual Information Solutions<\/a> (Ahmed BELAIDI)<br \/>\n<a href=\"http:\/\/www.lot-oriel.com\/fr\/fr\/\" target=\"_blank\">LOT-Oriel France<\/a> (Georges VEJNAR)<br \/>\n<a href=\"http:\/\/www.noveltis.com\/\" target=\"_blank\">NOVELTIS<\/a> (Laure CHAUMAT)<br \/>\n<a href=\"http:\/\/tsi2m.enssat.fr\/\" target=\"_blank\">TSI2M \/ ENSSAT<\/a> (kacem CHEHDI)<\/p>\n","protected":false},"excerpt":{"rendered":"<p>Le 2\u00e8me colloque scientifique de la SFTH (Soci\u00e9t\u00e9 Fran\u00e7aise de T\u00e9l\u00e9d\u00e9tection Hyperspectrale, devenue \u00e0 ce jour un groupe th\u00e9matique de la Soci\u00e9t\u00e9 Fran\u00e7aise de Photogramm\u00e9trie et T\u00e9l\u00e9d\u00e9tection, voir SFPT-GH) s&#8217;est tenu les 18 et 19 juin 2012 \u00e0 l&#8217;ONERA Toulouse. Il a r\u00e9uni environ 85 personnes. Vous pouvez t\u00e9l\u00e9charger le flyer, le programme d\u00e9taill\u00e9, le &hellip; <\/p>\n<p class=\"link-more\"><a href=\"https:\/\/www.sfpt.fr\/hyperspectral\/?page_id=48\" class=\"more-link\">Continuer la lecture<span class=\"screen-reader-text\"> de &laquo;&nbsp;2\u00e8me colloque scientifique de la SFTH &#8211; 18 et 19 juin 2012, ONERA Toulouse&nbsp;&raquo;<\/span><\/a><\/p>\n","protected":false},"author":1,"featured_media":0,"parent":0,"menu_order":0,"comment_status":"closed","ping_status":"open","template":"","meta":{"_s2mail":"yes","footnotes":""},"class_list":["post-48","page","type-page","status-publish","hentry"],"_links":{"self":[{"href":"https:\/\/www.sfpt.fr\/hyperspectral\/index.php?rest_route=\/wp\/v2\/pages\/48","targetHints":{"allow":["GET"]}}],"collection":[{"href":"https:\/\/www.sfpt.fr\/hyperspectral\/index.php?rest_route=\/wp\/v2\/pages"}],"about":[{"href":"https:\/\/www.sfpt.fr\/hyperspectral\/index.php?rest_route=\/wp\/v2\/types\/page"}],"author":[{"embeddable":true,"href":"https:\/\/www.sfpt.fr\/hyperspectral\/index.php?rest_route=\/wp\/v2\/users\/1"}],"replies":[{"embeddable":true,"href":"https:\/\/www.sfpt.fr\/hyperspectral\/index.php?rest_route=%2Fwp%2Fv2%2Fcomments&post=48"}],"version-history":[{"count":24,"href":"https:\/\/www.sfpt.fr\/hyperspectral\/index.php?rest_route=\/wp\/v2\/pages\/48\/revisions"}],"predecessor-version":[{"id":573,"href":"https:\/\/www.sfpt.fr\/hyperspectral\/index.php?rest_route=\/wp\/v2\/pages\/48\/revisions\/573"}],"wp:attachment":[{"href":"https:\/\/www.sfpt.fr\/hyperspectral\/index.php?rest_route=%2Fwp%2Fv2%2Fmedia&parent=48"}],"curies":[{"name":"wp","href":"https:\/\/api.w.org\/{rel}","templated":true}]}}